{"id":10351,"date":"2021-09-27T20:35:14","date_gmt":"2021-09-27T20:35:14","guid":{"rendered":"https:\/\/precasem.cm\/precasem-complaint-management-system\/"},"modified":"2021-11-16T10:45:59","modified_gmt":"2021-11-16T10:45:59","slug":"precasem-complaint-management-system","status":"publish","type":"page","link":"https:\/\/precasem.cm\/fr\/precasem-complaint-management-system\/","title":{"rendered":"PRECASEM complaint management system"},"content":{"rendered":"<section class=\"wpb-content-wrapper\"><section class=\"l-section wpb_row height_custom\"><div class=\"l-section-h i-cf\"><div class=\"g-cols vc_row via_flex valign_top type_default stacking_default\"><div class=\"vc_col-sm-2 wpb_column vc_column_container\"><div class=\"vc_column-inner\"><div class=\"wpb_wrapper\"><\/div><\/div><\/div><div class=\"vc_col-sm-8 wpb_column vc_column_container\"><div class=\"vc_column-inner\"><div class=\"wpb_wrapper\"><div class=\"wpb_text_column\"><div class=\"wpb_wrapper\"><p><strong>\u00a0 \u00a0MECANISME DE GESTION DES PLAINTES DU PRECASEM<\/strong><\/p>\n<p><strong>(Projet de renforcement des Capacit\u00e9s dans le Secteur Minier)<\/strong><\/p>\n<p>Le Projet de Renforcement des Capacit\u00e9s dans le Secteur des Mines (PRECASEM) entend d\u00e9finir son syst\u00e8me de gestion des plaintes de fa\u00e7on usuelle en six \u00e9tapes bien d\u00e9finies. Ces six questions permettront de r\u00e9pondre aux diff\u00e9rentes r\u00e9clamations portant sur des questions relatives \u00e0 l\u2019action du Projet, notamment les plaintes fond\u00e9es. Les plaintes fond\u00e9es sont identifi\u00e9es selon deux cat\u00e9gories, c\u2019est-\u00e0-dire d\u2019une part, les <em>plaintes de nature non sensible<\/em> concernant par exemple la gestion ou la mise en \u0153uvre de l\u2019activit\u00e9 cibl\u00e9e\u00a0; et d\u2019autres parts les <em>plaintes de nature sensible<\/em> en rapport aux violences bas\u00e9es sur le genre, abus et exploitation des enfants mineurs. La premi\u00e8re \u00e9tape du m\u00e9canisme sera ax\u00e9e sur l\u2019acc\u00e8s \u00e0 l\u2019information sur le fonctionnement du syst\u00e8me de d\u00e9p\u00f4t et de gestion des plaintes, comment les usagers sont -ils inform\u00e9s de l\u2019existence du syst\u00e8me\u00a0? Quelles sont les diff\u00e9rentes modalit\u00e9s de transmission des plaintes\u00a0? Puis, nous aurons l\u2019\u00e9tape qui concerne le tri et le traitement des plaintes\u00a0; comment les plaintes et r\u00e9clamations sont-elles cat\u00e9goris\u00e9es, enregistr\u00e9es et class\u00e9es\u00a0? A qui sont-elles adress\u00e9es et comment sont-elles class\u00e9es\u00a0? Nous aurons ensuite l\u2019\u00e9tape de l\u2019accus\u00e9 de r\u00e9ception c\u2019est-\u00e0-dire comment les r\u00e9clamants sont-ils inform\u00e9s de l\u2019avancement du traitement de leurs r\u00e9clamations\u00a0? La quatri\u00e8me \u00e9tape sera ax\u00e9e sur la v\u00e9rification et l\u2019action, comment est-ce qu\u2019on recueille l\u2019information n\u00e9cessaire \u00e0 la r\u00e9solution du probl\u00e8me et qui est en charge de mettre en \u0153uvre l\u2019action rectificative\u00a0? Ensuite nous aurons le suivi et l\u2019\u00e9valuation des actions des mesures d\u2019att\u00e9nuations et enfin le retour de l\u2019information, comment informe-t-on les utilisateurs du syst\u00e8me et le grand public des r\u00e9sultats et des mesures prises pour r\u00e9soudre les plaintes\u00a0?<\/p>\n<ol>\n<li><strong>Mode de d\u00e9p\u00f4t des plaintes<\/strong>: plusieurs approches seront utilis\u00e9es<\/li>\n<\/ol>\n<ul>\n<li>Appel t\u00e9l\u00e9phonique (\u00e0 travers le num\u00e9ro vert mis en place au PRECASEM)<\/li>\n<li>Plateforme de redevabilit\u00e9 sociale (\u00e0 travers le site internet du PRECASEM)<\/li>\n<li>Au niveau des points focaux (\u00e0 travers les formulaires de consentement).<\/li>\n<\/ul>\n<p>Pour cette troisi\u00e8me approche, il est pr\u00e9vu la d\u00e9signation des points focaux au sein des diff\u00e9rents services de prise en charge des VBG\u00a0; ces points focaux devront assurer la remont\u00e9e des plaintes au niveau de l\u2019UCP pour le tri et le traitement. En ce qui concerne le mode de communication, il est important que les b\u00e9n\u00e9ficiaires soient inform\u00e9s de la possibilit\u00e9 de d\u00e9poser une plainte, du m\u00e9canisme, des r\u00e8gles et proc\u00e9dures de gestion des plaintes ainsi que des voies de recours en ce qui concerne l\u2019ex\u00e9cution des activit\u00e9s du PRECASEM. Pour s\u2019assurer que ces informations sont diffus\u00e9es \u00e0 tous les acteurs et \u00e0 tous les niveaux, nous utiliserons les m\u00e9thodes suivantes\u00a0:<\/p>\n<ul>\n<li>Sensibilisation du personnel pr\u00e9sent sur les diff\u00e9rents sites de construction des b\u00e2timents\u00a0;<\/li>\n<li>Plateforme de redevabilit\u00e9 sociale\u00a0: br\u00e8ve pr\u00e9sentation du syst\u00e8me de gestion des plaintes et des possibilit\u00e9s de d\u00e9poser des plaintes\u00a0;<\/li>\n<li>Flyers \u00e0 utiliser lors des sensibilisations.<\/li>\n<\/ul>\n<p>Des affiches indiquant au public des donn\u00e9es sur le syst\u00e8me de gestion des plaintes seront dispos\u00e9es dans l\u2019enceinte de l\u2019Unit\u00e9 de Coordination du PRECASEM\u00a0; et aussi \u00e0 l\u2019entr\u00e9e de chaque site de construction des b\u00e2timents.<\/p>\n<ol start=\"2\">\n<li><strong>Tri et traitement<\/strong><\/li>\n<\/ol>\n<p>Le tri et le traitement des plaintes d\u00e9pendront en grande partie du mode de d\u00e9p\u00f4t de la plainte. Les r\u00e9clamations seront transmises au Responsable du Suivi des Impacts Sociaux du PRECASEM pour tri, et le traitement des plaintes se fera au sein de la Cellule de gestion des plaintes mise en place par l\u2019UCP. Un module d\u00e9di\u00e9 au m\u00e9canisme de gestion des plaintes sera disponible dans la plateforme de redevabilit\u00e9 sociale et servira \u00e0 recevoir d\u2019\u00e9ventuelles plaintes. Les plaintes fond\u00e9es de nature non sensible seront trait\u00e9es de mani\u00e8re ouverte et transparente en liaison avec les parties prenantes de la plateforme si possible. Par contre, les plaintes fond\u00e9es de nature sensible seront trait\u00e9es de fa\u00e7on confidentielle au niveau de la Cellule de gestion des plaintes. Un registre des plaintes ouvert \u00e0 l\u2019UCP sera tenu par le Responsable du Suivi des Impacts Sociaux et servira \u00e0 enregistrer les plaintes, qu\u2019elles soient transmises par t\u00e9l\u00e9phone, par e-mail ou encore en personne.<\/p>\n<ol start=\"3\">\n<li><strong>Accus\u00e9 de r\u00e9ception<\/strong><\/li>\n<\/ol>\n<p>L\u2019enregistrement de toutes les plaintes re\u00e7ues se fera \u00e0 travers la plateforme de redevabilit\u00e9 sociale du Projet et \u00e9galement dans un registre d\u00e9di\u00e9 aux plaintes. Que ce soient des plaintes re\u00e7ues par t\u00e9l\u00e9phone, par email ou directement de la part des points focaux des services m\u00e9dicaux, psychosociaux ou encore juridiques en charge des questions de VBG dans les diff\u00e9rentes localit\u00e9s.<\/p>\n<ol start=\"4\">\n<li><strong>V\u00e9rifications et actions<\/strong><\/li>\n<\/ol>\n<p>La v\u00e9rification et l\u2019action, sur ordre du Coordonnateur, sont sous la responsabilit\u00e9 du Responsable du Suivi des Impacts Sociaux, et \u00e9ventuellement sous la responsabilit\u00e9 des membres de la Cellule de gestion des dol\u00e9ances selon la gravit\u00e9 de la plainte dans un d\u00e9lai n\u2019exc\u00e9dant pas les dix jours. \u00a0Les membres de la Cellule de gestion des dol\u00e9ances assureront le traitement des plaintes en favorisant le r\u00e8glement \u00e0 l\u2019amiable des conflits. En dernier lieux, et ceci dans le cas d\u2019\u00e9puisement de toutes tentatives possibles d\u2019arrangement, le requ\u00e9rant peut saisir la justice. Le recours aux tribunaux, du fait de l\u2019\u00e9puisement de toutes les voies d\u2019arrangement \u00e0 l\u2019amiable n\u2019engage que le prestataire \u00e0 travers lequel le d\u00e9lit aura \u00e9t\u00e9 commis. Ceci d\u2019autant plus que tous les prestataires auront \u00e9t\u00e9 sensibilis\u00e9s aux risques de VBG et de ce m\u00eame fait auront sign\u00e9s les codes de bonne conduite.<\/p>\n<p>Le plaignant devra remplir et transmettre la fiche d\u2019enregistrement des plaintes \u00e0 l\u2019UCP \u00e0 travers le Module de gestion des plaintes inscrit dans la plateforme de redevabilit\u00e9 sociale, sous le mod\u00e8le suivant\u00a0:<\/p>\n<p>Tableau 1. <u>Mod\u00e8le de fiche d\u2019enregistrement des plaintes dans la plateforme<\/u><\/p>\n<p>&nbsp;<\/p>\n<table>\n<tbody>\n<tr>\n<td width=\"302\">Localit\u00e9\u00a0\/R\u00e9gion\u00a0:<\/td>\n<td width=\"302\"><\/td>\n<\/tr>\n<tr>\n<td width=\"302\">Nom du plaignant\u00a0:<\/td>\n<td width=\"302\"><\/td>\n<\/tr>\n<tr>\n<td width=\"302\">Adresse\u00a0:<\/td>\n<td width=\"302\"><\/td>\n<\/tr>\n<tr>\n<td width=\"302\">Date de la plainte\u00a0:<\/td>\n<td width=\"302\"><\/td>\n<\/tr>\n<tr>\n<td width=\"302\">Mode de saisie\u00a0:<\/td>\n<td width=\"302\"><\/td>\n<\/tr>\n<tr>\n<td width=\"302\">Objet de la plainte\u00a0:<\/p>\n<p>&nbsp;<\/td>\n<td width=\"302\"><\/td>\n<\/tr>\n<tr>\n<td width=\"302\">Description de la plainte\u00a0:<\/td>\n<td width=\"302\"><\/td>\n<\/tr>\n<tr>\n<td width=\"302\">Proposition du PRECASEM pour un r\u00e8glement \u00e0 l\u2019amiable\u00a0:<\/td>\n<td width=\"302\"><\/td>\n<\/tr>\n<tr>\n<td width=\"302\">R\u00e9ponse du plaignant\u00a0:<\/td>\n<td width=\"302\"><\/td>\n<\/tr>\n<tr>\n<td width=\"302\">R\u00e9solution\u00a0:<\/td>\n<td width=\"302\"><\/td>\n<\/tr>\n<tr>\n<td width=\"302\">Date\u00a0:<\/td>\n<td width=\"302\"><\/td>\n<\/tr>\n<tr>\n<td width=\"302\">Pi\u00e8ces justificatives (Compte rendu, contrat, accord, proc\u00e8s-verbal\u2026)<\/td>\n<td width=\"302\"><\/td>\n<\/tr>\n<tr>\n<td width=\"302\">Signature du Responsable de l\u2019activit\u00e9\u00a0\/prestataire\u00a0:<\/td>\n<td width=\"302\"><\/td>\n<\/tr>\n<tr>\n<td width=\"302\">Signature du plaignant\u00a0:<\/td>\n<td width=\"302\"><\/td>\n<\/tr>\n<\/tbody>\n<\/table>\n<p>&nbsp;<\/p>\n<p>Tableau 2. <u>Registre des plaintes<\/u><\/p>\n<table>\n<tbody>\n<tr>\n<td colspan=\"5\" width=\"466\"><strong>Informations sur la plainte<\/strong><\/td>\n<\/tr>\n<tr>\n<td width=\"93\"><strong>Nom et contact du r\u00e9clamant<\/strong><\/td>\n<td width=\"93\"><strong>Date de d\u00e9p\u00f4t de la plainte<\/strong><\/td>\n<td width=\"93\"><strong>\u00a0Description de la plainte.<\/strong><\/p>\n<p><strong>(<em>Plainte sensible\/non sensible<\/em>)<\/strong><\/td>\n<td width=\"93\"><strong>Type d\u2019activit\u00e9 et localisation<\/strong><\/td>\n<td width=\"83\"><\/td>\n<\/tr>\n<tr>\n<td width=\"93\"><\/td>\n<td width=\"93\"><\/td>\n<td width=\"93\"><\/td>\n<td width=\"93\"><\/td>\n<td width=\"83\"><\/td>\n<\/tr>\n<tr>\n<td width=\"93\"><\/td>\n<td width=\"93\"><\/td>\n<td width=\"93\"><\/td>\n<td width=\"93\"><\/td>\n<td width=\"83\"><\/td>\n<\/tr>\n<tr>\n<td width=\"93\"><\/td>\n<td width=\"93\"><\/td>\n<td width=\"93\"><\/td>\n<td width=\"93\"><\/td>\n<td width=\"83\"><\/td>\n<\/tr>\n<\/tbody>\n<\/table>\n<table style=\"width: 70.2697%;\">\n<tbody>\n<tr>\n<td style=\"width: 73.1507%;\" colspan=\"5\"><strong>Suivi du traitement de la plainte<\/strong><\/td>\n<\/tr>\n<tr>\n<td style=\"width: 23.1507%;\"><strong>Transmission au service concern\u00e9 (oui\/non, personne contact)<\/strong><\/td>\n<td style=\"width: 14.7945%;\"><strong>Date de traitement pr\u00e9vue<\/strong><\/td>\n<td style=\"width: 18.9041%;\"><strong>Accus\u00e9 de r\u00e9ception de la plainte au r\u00e9clamant (oui\/non)<\/strong><\/td>\n<td style=\"width: 14.9315%;\"><strong>Plainte r\u00e9solue (oui\/non) et date<\/strong><\/td>\n<td style=\"width: 1.36986%;\"><strong>Retour d\u2019information au r\u00e9clamant sur le traitement de la plainte (oui\/non) et date<\/strong><\/td>\n<\/tr>\n<tr>\n<td style=\"width: 23.1507%;\"><\/td>\n<td style=\"width: 14.7945%;\"><\/td>\n<td style=\"width: 18.9041%;\"><\/td>\n<td style=\"width: 14.9315%;\"><\/td>\n<td style=\"width: 1.36986%;\"><\/td>\n<\/tr>\n<tr>\n<td style=\"width: 23.1507%;\"><\/td>\n<td style=\"width: 14.7945%;\"><\/td>\n<td style=\"width: 18.9041%;\"><\/td>\n<td style=\"width: 14.9315%;\"><\/td>\n<td style=\"width: 1.36986%;\"><\/td>\n<\/tr>\n<tr>\n<td style=\"width: 23.1507%;\"><\/td>\n<td style=\"width: 14.7945%;\"><\/td>\n<td style=\"width: 18.9041%;\"><\/td>\n<td style=\"width: 14.9315%;\"><\/td>\n<td style=\"width: 1.36986%;\"><\/td>\n<\/tr>\n<\/tbody>\n<\/table>\n<ol start=\"5\">\n<li><strong>Suivi et \u00e9valuation<\/strong><\/li>\n<\/ol>\n<p><strong>\u00a0\u00a0\u00a0<\/strong>Le suivi des plaintes et r\u00e9clamations sera directement assur\u00e9 par le Responsable du Suivi des Impacts Sociaux, la synth\u00e8se et l\u2019analyse des donn\u00e9es n\u2019\u00e9tant pas syst\u00e9matique. La Cellule de gestion des dol\u00e9ances veillera \u00e0 l\u2019am\u00e9lioration du syst\u00e8me de r\u00e9ception et de suivi des plaintes et r\u00e9clamations pour \u00e9viter \u00e0 l\u2019avance plusieurs probl\u00e8mes. La d\u00e9marche premi\u00e8re de la Cellule consistera \u00e0 essayer de r\u00e9soudre les diff\u00e9rends \u00e0 l\u2019amiable. Pour cela, un contr\u00f4le permanant et assidu se fera aussi bien chez les prestataires et partenaires que chez les victimes ou plaignants. Une attention particuli\u00e8re sera donn\u00e9e aux plaintes provenant des personnes vuln\u00e9rables, notamment celles ax\u00e9es sur l\u2019aspect genre, de violences bas\u00e9es sur le genre et violences contre les enfants.<\/p>\n<ol start=\"6\">\n<li><strong>Retour d\u2019information<\/strong><\/li>\n<\/ol>\n<p>Le retour d\u2019information se fera de mani\u00e8re directe au plaignant ou au point focal \u00e0 travers lequel la plainte a \u00e9t\u00e9 d\u00e9pos\u00e9e, par r\u00e9ponse mail dans la plateforme de redevabilit\u00e9 sociale du PRECASEM. L\u2019arrangement \u00e0 l\u2019amiable sera le mode par excellence de r\u00e8glement des diff\u00e9rends. Une fois que les \u00e9ventuels protagonistes se seront mis d\u2019accord sur le mode de r\u00e8glement du diff\u00e9rend, une r\u00e9ponse \u00e0 la plainte sera envoy\u00e9e au plaignant ou \u00e0 la victime. Les points focaux des diff\u00e9rentes activit\u00e9s ou services de prise en charge de VBG seront charg\u00e9s de les en informer.<\/p>\n<\/div><\/div><\/div><\/div><\/div><div class=\"vc_col-sm-2 wpb_column vc_column_container\"><div class=\"vc_column-inner\"><div class=\"wpb_wrapper\"><\/div><\/div><\/div><\/div><\/div><\/section>\n<\/section>","protected":false},"excerpt":{"rendered":"\u00a0 \u00a0MECANISME DE GESTION DES PLAINTES DU PRECASEM (Projet de renforcement des Capacit\u00e9s dans le Secteur Minier) Le Projet de Renforcement des Capacit\u00e9s dans le Secteur des Mines (PRECASEM) entend d\u00e9finir son syst\u00e8me de gestion des plaintes de fa\u00e7on usuelle en six \u00e9tapes bien d\u00e9finies. Ces six questions permettront de r\u00e9pondre aux diff\u00e9rentes r\u00e9clamations portant...","protected":false},"author":1,"featured_media":0,"parent":0,"menu_order":0,"comment_status":"closed","ping_status":"closed","template":"","meta":{"footnotes":""},"acf":[],"yoast_head":"<!-- This site is optimized with the Yoast SEO plugin v21.3 - https:\/\/yoast.com\/wordpress\/plugins\/seo\/ -->\n<title>M\u00e9canisme de gestion des plaintes du PRECASEM- PRECASEM<\/title>\n<meta name=\"description\" content=\"M\u00e9canisme de gestion des plaintes du PRECASEM. D\u00e9couvrez comment le PRECASEM traite les plaintes d\u00e9pos\u00e9es.\" \/>\n<meta name=\"robots\" content=\"index, follow, max-snippet:-1, max-image-preview:large, max-video-preview:-1\" \/>\n<link rel=\"canonical\" href=\"https:\/\/precasem.cm\/fr\/precasem-complaint-management-system\/\" \/>\n<meta property=\"og:locale\" content=\"fr_FR\" \/>\n<meta property=\"og:type\" content=\"article\" \/>\n<meta property=\"og:title\" content=\"M\u00e9canisme de gestion des plaintes du PRECASEM- PRECASEM\" \/>\n<meta property=\"og:description\" content=\"M\u00e9canisme de gestion des plaintes du PRECASEM. D\u00e9couvrez comment le PRECASEM traite les plaintes d\u00e9pos\u00e9es.\" \/>\n<meta property=\"og:url\" content=\"https:\/\/precasem.cm\/fr\/precasem-complaint-management-system\/\" \/>\n<meta property=\"og:site_name\" content=\"PRECASEM\" \/>\n<meta property=\"article:modified_time\" content=\"2021-11-16T10:45:59+00:00\" \/>\n<meta name=\"twitter:card\" content=\"summary_large_image\" \/>\n<meta name=\"twitter:label1\" content=\"Dur\u00e9e de lecture estim\u00e9e\" \/>\n\t<meta name=\"twitter:data1\" content=\"7 minutes\" \/>\n<script type=\"application\/ld+json\" class=\"yoast-schema-graph\">{\"@context\":\"https:\/\/schema.org\",\"@graph\":[{\"@type\":\"WebPage\",\"@id\":\"https:\/\/precasem.cm\/fr\/precasem-complaint-management-system\/\",\"url\":\"https:\/\/precasem.cm\/fr\/precasem-complaint-management-system\/\",\"name\":\"M\u00e9canisme de gestion des plaintes du PRECASEM- PRECASEM\",\"isPartOf\":{\"@id\":\"https:\/\/precasem.cm\/#website\"},\"datePublished\":\"2021-09-27T20:35:14+00:00\",\"dateModified\":\"2021-11-16T10:45:59+00:00\",\"description\":\"M\u00e9canisme de gestion des plaintes du PRECASEM. D\u00e9couvrez comment le PRECASEM traite les plaintes d\u00e9pos\u00e9es.\",\"breadcrumb\":{\"@id\":\"https:\/\/precasem.cm\/fr\/precasem-complaint-management-system\/#breadcrumb\"},\"inLanguage\":\"fr-FR\",\"potentialAction\":[{\"@type\":\"ReadAction\",\"target\":[\"https:\/\/precasem.cm\/fr\/precasem-complaint-management-system\/\"]}]},{\"@type\":\"BreadcrumbList\",\"@id\":\"https:\/\/precasem.cm\/fr\/precasem-complaint-management-system\/#breadcrumb\",\"itemListElement\":[{\"@type\":\"ListItem\",\"position\":1,\"name\":\"Home\",\"item\":\"https:\/\/precasem.cm\/fr\/\"},{\"@type\":\"ListItem\",\"position\":2,\"name\":\"PRECASEM complaint management system\"}]},{\"@type\":\"WebSite\",\"@id\":\"https:\/\/precasem.cm\/#website\",\"url\":\"https:\/\/precasem.cm\/\",\"name\":\"PRECASEM\",\"description\":\"\",\"potentialAction\":[{\"@type\":\"SearchAction\",\"target\":{\"@type\":\"EntryPoint\",\"urlTemplate\":\"https:\/\/precasem.cm\/?s={search_term_string}\"},\"query-input\":\"required name=search_term_string\"}],\"inLanguage\":\"fr-FR\"}]}<\/script>\n<!-- \/ Yoast SEO plugin. -->","yoast_head_json":{"title":"M\u00e9canisme de gestion des plaintes du PRECASEM- PRECASEM","description":"M\u00e9canisme de gestion des plaintes du PRECASEM. D\u00e9couvrez comment le PRECASEM traite les plaintes d\u00e9pos\u00e9es.","robots":{"index":"index","follow":"follow","max-snippet":"max-snippet:-1","max-image-preview":"max-image-preview:large","max-video-preview":"max-video-preview:-1"},"canonical":"https:\/\/precasem.cm\/fr\/precasem-complaint-management-system\/","og_locale":"fr_FR","og_type":"article","og_title":"M\u00e9canisme de gestion des plaintes du PRECASEM- PRECASEM","og_description":"M\u00e9canisme de gestion des plaintes du PRECASEM. D\u00e9couvrez comment le PRECASEM traite les plaintes d\u00e9pos\u00e9es.","og_url":"https:\/\/precasem.cm\/fr\/precasem-complaint-management-system\/","og_site_name":"PRECASEM","article_modified_time":"2021-11-16T10:45:59+00:00","twitter_card":"summary_large_image","twitter_misc":{"Dur\u00e9e de lecture estim\u00e9e":"7 minutes"},"schema":{"@context":"https:\/\/schema.org","@graph":[{"@type":"WebPage","@id":"https:\/\/precasem.cm\/fr\/precasem-complaint-management-system\/","url":"https:\/\/precasem.cm\/fr\/precasem-complaint-management-system\/","name":"M\u00e9canisme de gestion des plaintes du PRECASEM- PRECASEM","isPartOf":{"@id":"https:\/\/precasem.cm\/#website"},"datePublished":"2021-09-27T20:35:14+00:00","dateModified":"2021-11-16T10:45:59+00:00","description":"M\u00e9canisme de gestion des plaintes du PRECASEM. D\u00e9couvrez comment le PRECASEM traite les plaintes d\u00e9pos\u00e9es.","breadcrumb":{"@id":"https:\/\/precasem.cm\/fr\/precasem-complaint-management-system\/#breadcrumb"},"inLanguage":"fr-FR","potentialAction":[{"@type":"ReadAction","target":["https:\/\/precasem.cm\/fr\/precasem-complaint-management-system\/"]}]},{"@type":"BreadcrumbList","@id":"https:\/\/precasem.cm\/fr\/precasem-complaint-management-system\/#breadcrumb","itemListElement":[{"@type":"ListItem","position":1,"name":"Home","item":"https:\/\/precasem.cm\/fr\/"},{"@type":"ListItem","position":2,"name":"PRECASEM complaint management system"}]},{"@type":"WebSite","@id":"https:\/\/precasem.cm\/#website","url":"https:\/\/precasem.cm\/","name":"PRECASEM","description":"","potentialAction":[{"@type":"SearchAction","target":{"@type":"EntryPoint","urlTemplate":"https:\/\/precasem.cm\/?s={search_term_string}"},"query-input":"required name=search_term_string"}],"inLanguage":"fr-FR"}]}},"_links":{"self":[{"href":"https:\/\/precasem.cm\/fr\/wp-json\/wp\/v2\/pages\/10351"}],"collection":[{"href":"https:\/\/precasem.cm\/fr\/wp-json\/wp\/v2\/pages"}],"about":[{"href":"https:\/\/precasem.cm\/fr\/wp-json\/wp\/v2\/types\/page"}],"author":[{"embeddable":true,"href":"https:\/\/precasem.cm\/fr\/wp-json\/wp\/v2\/users\/1"}],"replies":[{"embeddable":true,"href":"https:\/\/precasem.cm\/fr\/wp-json\/wp\/v2\/comments?post=10351"}],"version-history":[{"count":2,"href":"https:\/\/precasem.cm\/fr\/wp-json\/wp\/v2\/pages\/10351\/revisions"}],"predecessor-version":[{"id":10353,"href":"https:\/\/precasem.cm\/fr\/wp-json\/wp\/v2\/pages\/10351\/revisions\/10353"}],"wp:attachment":[{"href":"https:\/\/precasem.cm\/fr\/wp-json\/wp\/v2\/media?parent=10351"}],"curies":[{"name":"wp","href":"https:\/\/api.w.org\/{rel}","templated":true}]}}