{"id":7845,"date":"2020-10-15T12:39:24","date_gmt":"2020-10-15T12:39:24","guid":{"rendered":"http::\/\/precasem.cmresomin\/"},"modified":"2021-11-22T09:00:55","modified_gmt":"2021-11-22T09:00:55","slug":"qc","status":"publish","type":"page","link":"https:\/\/precasem.cm\/fr\/qc\/","title":{"rendered":"Questions &#038; Complaints"},"content":{"rendered":"<section class=\"wpb-content-wrapper\"><section class=\"l-section wpb_row height_custom\"><div class=\"l-section-h i-cf\"><div class=\"g-cols vc_row via_flex valign_top type_default stacking_default\"><div class=\"vc_col-sm-12 wpb_column vc_column_container\"><div class=\"vc_column-inner\"><div class=\"wpb_wrapper\"><div class=\"wpb_text_column\"><div class=\"wpb_wrapper\"><p style=\"text-align: center;\">Pour en savoir plus sur le syst\u00e8me de gestion des plaintes de PRECASEM, cliquez <a title=\"Mechanism of complaints management\" href=\"https:\/\/precasem.cm\/fr\/precasem-complaint-management-system\/\">ici<\/a>.<\/p>\n<\/div><\/div><\/div><\/div><\/div><\/div><\/div><\/section><section class=\"l-section wpb_row height_custom\"><div class=\"l-section-h i-cf\"><div class=\"g-cols vc_row via_flex valign_top type_default stacking_default\"><div class=\"vc_col-sm-12 wpb_column vc_column_container\"><div class=\"vc_column-inner\"><div class=\"wpb_wrapper\">    \r\n        <!-- Page Content -->\r\n        <!-- Page Heading\/Breadcrumbs -->\r\n        <div class=\"form-group mx-sm-6 mb-2\">\r\n                    <form class=\"input-group rounded\">\r\n            <input type=\"search\" name=\"searchPrecasem\" class=\"form-control rounded\" placeholder=\"Search\" aria-label=\"Search\" aria-describedby=\"search-addon\" value=\"\" \/>\r\n            <button type=\"submit\" class=\"input-group-text border-0\"><span class=\"fa fa-search\"><\/span><\/button>\r\n\r\n        <\/form>\r\n                <\/div>\r\n        <br>\r\n        <!-- \/.row -->\r\n        <!-- Content Row -->\r\n        <div class=\"row\">\r\n            <!-- Blog Post Content Column -->\r\n            <div class=\"col-md-6\">\r\n                <!-- begin of the map -->\r\n                    <link rel=\"stylesheet\" href=\"https:\/\/unpkg.com\/leaflet@1.7.1\/dist\/leaflet.css\" integrity=\"sha512-xodZBNTC5n17Xt2atTPuE1HxjVMSvLVW9ocqUKLsCC5CXdbqCmblAshOMAS6\/keqq\/sMZMZ19scR4PsZChSR7A==\" crossorigin=\"\" \/>\r\n    <script src=\"https:\/\/unpkg.com\/leaflet@1.7.1\/dist\/leaflet.js\" integrity=\"sha512-XQoYMqMTK8LvdxXYG3nZ448hOEQiglfqkJs1NOQV44cWnUrBc8PkAOcXy20w0vlaXaVUearIOBhiXZ5V3ynxwA==\" crossorigin=\"\"><\/script>\r\n    <div>\r\n                <div id=\"LMap\" class=\"listmap\">\r\n\r\n        <\/div>\r\n    <\/div>\r\n    <script>\r\n        map = L.map('LMap').setView([6.99186029075973, 12.170410030086837], 6);\r\n        L.tileLayer('https:\/\/{s}.tile.openstreetmap.org\/{z}\/{x}\/{y}.png', {\r\n            attribution: '&copy; <a href=\"https:\/\/www.openstreetmap.org\/copyright\">OpenStreetMap<\/a> contributors'\r\n        }).addTo(map);\r\n\r\n                        var marker = new L.marker({\r\n                        lat: 5.3841353044485825,\r\n                        lng: 13.496360778808596                    })\r\n                    .bindPopup(\r\n                        '<strong> Titre : <\/strong> Impact environnemental et soci\u00e9tal du Barrage de Lom-Pangar<br> ' +\r\n                        '<strong> Cr\u00e9\u00e9 : <\/strong> 18\/10\/2021 <br> ' +\r\n                        '<strong> Statut : <\/strong> 18\/10\/2021 <br> ' +\r\n                        '<div style=\"text-align: center;\"><a href=\"https:\/\/precasem.cm\/qcpublic?post_id=10577\" class=\"link-success\" role=\"button\" >D\u00e9tails<\/a><\/div>'\r\n                   \r\n                    )\r\n                    .addTo(map);\r\n                        var marker = new L.marker({\r\n                        lat: 4.454232837698786,\r\n                        lng: 14.408145319748781                    })\r\n                    .bindPopup(\r\n                        '<strong> Titre : <\/strong> Cons\u00e9quences de l\\'exploitation m\u00e9canis\u00e9e de l\\'or<br> ' +\r\n                        '<strong> Cr\u00e9\u00e9 : <\/strong> 08\/10\/2021 <br> ' +\r\n                        '<strong> Statut : <\/strong> 08\/10\/2021 <br> ' +\r\n                        '<div style=\"text-align: center;\"><a href=\"https:\/\/precasem.cm\/qcpublic?post_id=10481\" class=\"link-success\" role=\"button\" >D\u00e9tails<\/a><\/div>'\r\n                   \r\n                    )\r\n                    .addTo(map);\r\n                        var marker = new L.marker({\r\n                        lat: 1,\r\n                        lng: 1                    })\r\n                    .bindPopup(\r\n                        '<strong> Titre : <\/strong> \u00c9conomie et carri\u00e8re<br> ' +\r\n                        '<strong> Cr\u00e9\u00e9 : <\/strong> 07\/10\/2021 <br> ' +\r\n                        '<strong> Statut : <\/strong> 07\/10\/2021 <br> ' +\r\n                        '<div style=\"text-align: center;\"><a href=\"https:\/\/precasem.cm\/qcpublic?post_id=10480\" class=\"link-success\" role=\"button\" >D\u00e9tails<\/a><\/div>'\r\n                   \r\n                    )\r\n                    .addTo(map);\r\n                \/\/ L.layerGroup(lg).addTo(map);\r\n    <\/script>\r\n\r\n                    <!-- end of the map -->\r\n            <\/div>\r\n            <!-- Blog Sidebar Widgets Column -->\r\n\r\n                                                <div class=\"col-md-6\">                \r\n                <table class=\"table table-striped\">\r\n                    <thead>\r\n                        <tr>\r\n                            <th scope=\"col\">\r\n                                <strong>\r\n                                    <!-- <i class=\"fa fa-calendar-check-o\" aria-hidden=\"true\"><\/i> -->\r\n                                    <div class=\"precasem-list-qcm\">Post\u00e9   \r\n                                    <\/div>\r\n                                <\/strong>\r\n                            <\/th>\r\n                            <th scope=\"col\">\r\n                                <strong>\r\n                                    <!-- <i class=\"fa fa-ticket\" aria-hidden=\"true\"><\/i> -->\r\n                                    <div class=\"precasem-list-qcm\">Titre<\/div>\r\n                                <\/strong>\r\n                            <\/th>\r\n                                                        <th scope=\"col\"><strong>\r\n                                    <!-- <i class=\"fa fa-info-circle\" aria-hidden=\"true\"><\/i> -->\r\n                                    <div class=\"precasem-list-qcm\">D\u00e9tails<\/div>\r\n                                <\/strong><\/th>\r\n                        <\/tr>\r\n                    <\/thead>\r\n                    <tbody>\r\n                                                    <tr>\r\n                                <td><time datetime=\"2021-10-18T09:43:51+00:00\" itemprop=\"datePublished\">27\/10\/2021<\/time><\/td>\r\n                                <td>Impact environnemental et soci\u00e9tal du Barrage de Lom-Pangar <\/td>\r\n                                                                                                <td>\r\n                                            <a href=\"https:\/\/precasem.cm\/qcpublic?post_id=10577\" class=\"link-primary\" role=\"button\">D\u00e9tails<\/a>        \r\n                                    <\/td>\r\n\r\n                            <\/tr>\r\n                                                    <tr>\r\n                                <td><time datetime=\"2021-10-08T14:38:10+00:00\" itemprop=\"datePublished\">22\/10\/2021<\/time><\/td>\r\n                                <td>ThermoVision Tomography (TVT) <\/td>\r\n                                                                                                <td>\r\n                                            <a href=\"https:\/\/precasem.cm\/qcpublic?post_id=10482\" class=\"link-primary\" role=\"button\">D\u00e9tails<\/a>        \r\n                                    <\/td>\r\n\r\n                            <\/tr>\r\n                                                    <tr>\r\n                                <td><time datetime=\"2021-10-08T13:43:39+00:00\" itemprop=\"datePublished\">20\/10\/2021<\/time><\/td>\r\n                                <td>Cons\u00e9quences de l'exploitation m\u00e9canis\u00e9e de l'or <\/td>\r\n                                                                                                <td>\r\n                                            <a href=\"https:\/\/precasem.cm\/qcpublic?post_id=10481\" class=\"link-primary\" role=\"button\">D\u00e9tails<\/a>        \r\n                                    <\/td>\r\n\r\n                            <\/tr>\r\n                                                    <tr>\r\n                                <td><time datetime=\"2021-10-07T13:48:24+00:00\" itemprop=\"datePublished\">18\/10\/2021<\/time><\/td>\r\n                                <td>\u00c9conomie et carri\u00e8re <\/td>\r\n                                                                                                <td>\r\n                                            <a href=\"https:\/\/precasem.cm\/qcpublic?post_id=10480\" class=\"link-primary\" role=\"button\">D\u00e9tails<\/a>        \r\n                                    <\/td>\r\n\r\n                            <\/tr>\r\n                                                    <tr>\r\n                                <td><time datetime=\"2021-10-08T14:45:27+00:00\" itemprop=\"datePublished\">15\/10\/2021<\/time><\/td>\r\n                                <td>Stage acad\u00e9mique pour les \u00e9tudiants camerounais <\/td>\r\n                                                                                                <td>\r\n                                            <a href=\"https:\/\/precasem.cm\/qcpublic?post_id=10483\" class=\"link-primary\" role=\"button\">D\u00e9tails<\/a>        \r\n                                    <\/td>\r\n\r\n                            <\/tr>\r\n                                            <\/tbody>\r\n                <\/table>\r\n                <span class='pagination'><\/span>\r\n            <\/div>\r\n            <\/div>\r\n        <\/div>\r\n\r\n        <!-- end of the loop -->\r\n\r\n        <!-- pagination here -->\r\n\r\n                <!-- <script>\r\n            function openprecasemModal(values) {\r\n                \/\/ debugger;\r\n                jQuery('#modalTitle').html(values.title);\r\n                jQuery('#dateCreated').html(values.dateSubmitted)\r\n                jQuery('#dateSubmitted').html(values.dateClosed)\r\n                jQuery('#focusArea').html(values.focusArea)\r\n                jQuery('#description').html(values.description)\r\n                jQuery('#decision').html(values.decision)\r\n                jQuery('#precasemModal').modal('show');\r\n            }\r\n        <\/script> -->\r\n        \r\n<div class=\"wpb_text_column\"><div class=\"wpb_wrapper\"><div>\n<div><\/div>\n<div><\/div>\n<\/div>\n<\/div><\/div><\/div><\/div><\/div><\/div><\/div><\/section>\n<\/section>","protected":false},"excerpt":{"rendered":"","protected":false},"author":1,"featured_media":0,"parent":0,"menu_order":0,"comment_status":"closed","ping_status":"closed","template":"","meta":{"footnotes":""},"acf":[],"yoast_head":"<!-- This site is optimized with the Yoast SEO plugin v21.3 - https:\/\/yoast.com\/wordpress\/plugins\/seo\/ -->\n<title>Questions &amp; Complaints - Module de questions\/plaintes du PRECASEM<\/title>\n<meta name=\"description\" content=\"Liste publique des questions et plaintes publi\u00e9es. Consultez ici les questions\/plaintes publi\u00e9es par les utilisateurs de la plateforme.\" \/>\n<meta name=\"robots\" content=\"index, follow, max-snippet:-1, max-image-preview:large, max-video-preview:-1\" \/>\n<link rel=\"canonical\" href=\"https:\/\/precasem.cm\/fr\/qc\/\" \/>\n<meta property=\"og:locale\" content=\"fr_FR\" \/>\n<meta property=\"og:type\" content=\"article\" \/>\n<meta property=\"og:title\" content=\"Questions &amp; Complaints - Module de questions\/plaintes du PRECASEM\" \/>\n<meta property=\"og:description\" content=\"Liste publique des questions et plaintes publi\u00e9es. Consultez ici les questions\/plaintes publi\u00e9es par les utilisateurs de la plateforme.\" \/>\n<meta property=\"og:url\" content=\"https:\/\/precasem.cm\/fr\/qc\/\" \/>\n<meta property=\"og:site_name\" content=\"PRECASEM\" \/>\n<meta property=\"article:modified_time\" content=\"2021-11-22T09:00:55+00:00\" \/>\n<meta name=\"twitter:card\" content=\"summary_large_image\" \/>\n<meta name=\"twitter:label1\" content=\"Dur\u00e9e de lecture estim\u00e9e\" \/>\n\t<meta name=\"twitter:data1\" content=\"1 minute\" \/>\n<script type=\"application\/ld+json\" class=\"yoast-schema-graph\">{\"@context\":\"https:\/\/schema.org\",\"@graph\":[{\"@type\":\"WebPage\",\"@id\":\"https:\/\/precasem.cm\/fr\/qc\/\",\"url\":\"https:\/\/precasem.cm\/fr\/qc\/\",\"name\":\"Questions & Complaints - Module de questions\/plaintes du PRECASEM\",\"isPartOf\":{\"@id\":\"https:\/\/precasem.cm\/#website\"},\"datePublished\":\"2020-10-15T12:39:24+00:00\",\"dateModified\":\"2021-11-22T09:00:55+00:00\",\"description\":\"Liste publique des questions et plaintes publi\u00e9es. Consultez ici les questions\/plaintes publi\u00e9es par les utilisateurs de la plateforme.\",\"breadcrumb\":{\"@id\":\"https:\/\/precasem.cm\/fr\/qc\/#breadcrumb\"},\"inLanguage\":\"fr-FR\",\"potentialAction\":[{\"@type\":\"ReadAction\",\"target\":[\"https:\/\/precasem.cm\/fr\/qc\/\"]}]},{\"@type\":\"BreadcrumbList\",\"@id\":\"https:\/\/precasem.cm\/fr\/qc\/#breadcrumb\",\"itemListElement\":[{\"@type\":\"ListItem\",\"position\":1,\"name\":\"Home\",\"item\":\"https:\/\/precasem.cm\/fr\/\"},{\"@type\":\"ListItem\",\"position\":2,\"name\":\"Questions &#038; Complaints\"}]},{\"@type\":\"WebSite\",\"@id\":\"https:\/\/precasem.cm\/#website\",\"url\":\"https:\/\/precasem.cm\/\",\"name\":\"PRECASEM\",\"description\":\"\",\"potentialAction\":[{\"@type\":\"SearchAction\",\"target\":{\"@type\":\"EntryPoint\",\"urlTemplate\":\"https:\/\/precasem.cm\/?s={search_term_string}\"},\"query-input\":\"required name=search_term_string\"}],\"inLanguage\":\"fr-FR\"}]}<\/script>\n<!-- \/ Yoast SEO plugin. -->","yoast_head_json":{"title":"Questions & Complaints - Module de questions\/plaintes du PRECASEM","description":"Liste publique des questions et plaintes publi\u00e9es. Consultez ici les questions\/plaintes publi\u00e9es par les utilisateurs de la plateforme.","robots":{"index":"index","follow":"follow","max-snippet":"max-snippet:-1","max-image-preview":"max-image-preview:large","max-video-preview":"max-video-preview:-1"},"canonical":"https:\/\/precasem.cm\/fr\/qc\/","og_locale":"fr_FR","og_type":"article","og_title":"Questions & Complaints - Module de questions\/plaintes du PRECASEM","og_description":"Liste publique des questions et plaintes publi\u00e9es. Consultez ici les questions\/plaintes publi\u00e9es par les utilisateurs de la plateforme.","og_url":"https:\/\/precasem.cm\/fr\/qc\/","og_site_name":"PRECASEM","article_modified_time":"2021-11-22T09:00:55+00:00","twitter_card":"summary_large_image","twitter_misc":{"Dur\u00e9e de lecture estim\u00e9e":"1 minute"},"schema":{"@context":"https:\/\/schema.org","@graph":[{"@type":"WebPage","@id":"https:\/\/precasem.cm\/fr\/qc\/","url":"https:\/\/precasem.cm\/fr\/qc\/","name":"Questions & Complaints - Module de questions\/plaintes du PRECASEM","isPartOf":{"@id":"https:\/\/precasem.cm\/#website"},"datePublished":"2020-10-15T12:39:24+00:00","dateModified":"2021-11-22T09:00:55+00:00","description":"Liste publique des questions et plaintes publi\u00e9es. Consultez ici les questions\/plaintes publi\u00e9es par les utilisateurs de la plateforme.","breadcrumb":{"@id":"https:\/\/precasem.cm\/fr\/qc\/#breadcrumb"},"inLanguage":"fr-FR","potentialAction":[{"@type":"ReadAction","target":["https:\/\/precasem.cm\/fr\/qc\/"]}]},{"@type":"BreadcrumbList","@id":"https:\/\/precasem.cm\/fr\/qc\/#breadcrumb","itemListElement":[{"@type":"ListItem","position":1,"name":"Home","item":"https:\/\/precasem.cm\/fr\/"},{"@type":"ListItem","position":2,"name":"Questions &#038; Complaints"}]},{"@type":"WebSite","@id":"https:\/\/precasem.cm\/#website","url":"https:\/\/precasem.cm\/","name":"PRECASEM","description":"","potentialAction":[{"@type":"SearchAction","target":{"@type":"EntryPoint","urlTemplate":"https:\/\/precasem.cm\/?s={search_term_string}"},"query-input":"required name=search_term_string"}],"inLanguage":"fr-FR"}]}},"_links":{"self":[{"href":"https:\/\/precasem.cm\/fr\/wp-json\/wp\/v2\/pages\/7845"}],"collection":[{"href":"https:\/\/precasem.cm\/fr\/wp-json\/wp\/v2\/pages"}],"about":[{"href":"https:\/\/precasem.cm\/fr\/wp-json\/wp\/v2\/types\/page"}],"author":[{"embeddable":true,"href":"https:\/\/precasem.cm\/fr\/wp-json\/wp\/v2\/users\/1"}],"replies":[{"embeddable":true,"href":"https:\/\/precasem.cm\/fr\/wp-json\/wp\/v2\/comments?post=7845"}],"version-history":[{"count":7,"href":"https:\/\/precasem.cm\/fr\/wp-json\/wp\/v2\/pages\/7845\/revisions"}],"predecessor-version":[{"id":10358,"href":"https:\/\/precasem.cm\/fr\/wp-json\/wp\/v2\/pages\/7845\/revisions\/10358"}],"wp:attachment":[{"href":"https:\/\/precasem.cm\/fr\/wp-json\/wp\/v2\/media?parent=7845"}],"curies":[{"name":"wp","href":"https:\/\/api.w.org\/{rel}","templated":true}]}}