{"id":7989,"date":"2021-01-20T10:07:40","date_gmt":"2021-01-20T10:07:40","guid":{"rendered":"http::\/\/precasem.cmqui-sommes-nous\/"},"modified":"2021-11-15T12:42:11","modified_gmt":"2021-11-15T12:42:11","slug":"a-propos","status":"publish","type":"page","link":"https:\/\/precasem.cm\/fr\/a-propos\/","title":{"rendered":"\u00c0 Propos"},"content":{"rendered":"<section class=\"wpb-content-wrapper\"><section class=\"l-section wpb_row height_custom\"><div class=\"l-section-h i-cf\"><div class=\"g-cols vc_row via_flex valign_top type_default stacking_default\"><div class=\"vc_col-sm-12 wpb_column vc_column_container\"><div class=\"vc_column-inner\"><div class=\"wpb_wrapper\"><div class=\"wpb_text_column\"><div class=\"wpb_wrapper\"><p style=\"text-align: center;\"><span style=\"font-size: 24pt;\">\u00c0 propos du Precasem<\/span><\/p>\n<\/div><\/div><div class=\"wpb_text_column\"><div class=\"wpb_wrapper\"><p><strong>DONNEES GENERALES DU PROJET<\/strong><\/p>\n<table>\n<tbody>\n<tr>\n<td width=\"307\">Nom du Projet<\/td>\n<td width=\"307\">Projet de Renforcement des Capacit\u00e9s dans le Secteur Minier (PRECASEM)<\/td>\n<\/tr>\n<tr>\n<td width=\"307\">Code Projet<\/td>\n<td width=\"307\">P122153<\/td>\n<\/tr>\n<tr>\n<td width=\"307\">N\u00b0 Cr\u00e9dit IDA<\/td>\n<td width=\"307\">5024-0-CM<\/td>\n<\/tr>\n<tr>\n<td width=\"307\">Unit\u00e9 de mise en \u0153uvre<\/td>\n<td width=\"307\">Unit\u00e9 de Coordination du Projet (UCP)<\/td>\n<\/tr>\n<tr>\n<td width=\"307\">Date de signature de l\u2019Accord de financement<\/td>\n<td width=\"307\">28 juin 2012<\/td>\n<\/tr>\n<tr>\n<td width=\"307\">Date de mise en vigueur<\/td>\n<td width=\"307\">26 septembre 2012<\/td>\n<\/tr>\n<tr>\n<td width=\"307\">Date de cl\u00f4ture<\/td>\n<td width=\"307\">30 juin 2017<\/td>\n<\/tr>\n<tr>\n<td width=\"307\">Montant du Cr\u00e9dit en USD<\/td>\n<td width=\"307\"><\/td>\n<\/tr>\n<\/tbody>\n<\/table>\n<p>&nbsp;<\/p>\n<ol>\n<li><strong> CONTEXTE ET JUSTIFICATION<\/strong><\/li>\n<\/ol>\n<p>Le Cameroun a un fort potentiel g\u00e9ologique pour un certain nombre de min\u00e9raux\u00a0; bien g\u00e9r\u00e9, ce potentiel pourrait contribuer \u00e0 la croissance \u00e9conomique du pays. Le Cameroun dispose notamment d&#8217;importants gisements de minerai de fer, de bauxite, de diamants, de calcaire, de rutile et de cobalt nickel. Toutefois, en d\u00e9pit de l\u2019existence de ces minerais, l&#8217;exploitation mini\u00e8re ne joue pas encore un r\u00f4le majeur dans le d\u00e9veloppement du Cameroun, et le secteur minier reste en marge de l&#8217;\u00e9conomie.<\/p>\n<p>Au plan minier, un certain nombre de projets sont aujourd\u2019hui \u00e0 un stade avanc\u00e9 de travaux\u00a0: le projet de fer de Mbalam op\u00e9r\u00e9 par CamIron, le projet de nickel-cobalt de Nkamoun pr\u00e8s de Lomi\u00e9, propri\u00e9t\u00e9 de Geovic, le projet de bauxite de l\u2019Adamaoua (\u00e0 Minim-Martap et Ngaoundal) op\u00e9r\u00e9 par Cameroon Alumina) et le projet diamantif\u00e8re de Mobilon pr\u00e8s de la fronti\u00e8re avec la R\u00e9publique Centrafricaine d\u00e9velopp\u00e9 par Cameroon &amp; Korean Mining).<\/p>\n<p>Sur l\u2019ensemble de ces projets, deux seulement ont d\u00e9j\u00e0 b\u00e9n\u00e9fici\u00e9 de permis d&#8217;exploitation mini\u00e8re (nickel\/cobalt en 2003 et diamant en 2011), l&#8217;exploitation proprement dite n&#8217;ayant toutefois pas encore d\u00e9marr\u00e9 sur le terrain. Cam Iron vient en outre de signer une convention mini\u00e8re avec le gouvernement et le permis d\u2019exploitation ne lui sera d\u00e9livr\u00e9 que lorsque certaines conditions auront \u00e9t\u00e9 remplies.<\/p>\n<p>Au plan purement g\u00e9ologique, la cartographie g\u00e9ologique et les connaissances globales du potentiel minier du pays restent tr\u00e8s limit\u00e9es et apparaissent aujourd\u2019hui d\u00e9pass\u00e9es. Les donn\u00e9es g\u00e9ophysiques et g\u00e9ochimiques restent insuffisantes pour de vastes r\u00e9gions ou doivent \u00eatre r\u00e9interpr\u00e9t\u00e9es au moyen de technologies et d\u2019approches modernes lorsqu\u2019elles sont disponibles. Les g\u00e9ologues r\u00e9v\u00e8lent qu\u2019\u00e0 la date d\u2019aujourd\u2019hui, plus de 50% du territoire reste inconnu.<\/p>\n<p>Le Cameroun est actuellement \u00e0 un tournant important en ce qui concerne le d\u00e9veloppement du secteur minier. Une bonne gestion des revenus des industries extractives repr\u00e9sente un potentiel \u00e9norme pour lutter contre la pauvret\u00e9 et contribuer au d\u00e9veloppement durable. En effet, l&#8217;industrie mini\u00e8re est toujours cr\u00e9atrice d\u2019emplois, directs et indirects\u00a0; elle permet de proc\u00e9der aux transferts de technologies et g\u00e9n\u00e8re des revenus importants, revenus qui peuvent constituer le potentiel financier indispensable aux gouvernements pour le d\u00e9veloppement de grandes infrastructures, motrices de d\u00e9veloppement pour d\u2019autres secteurs.<\/p>\n<ol start=\"2\">\n<li><strong> OBJECTIFS DU PROJET<\/strong><\/li>\n<\/ol>\n<p>L\u2019Objectif de D\u00e9veloppement du Projet (ODP) est d\u2019am\u00e9liorer (i) l\u2019efficacit\u00e9 et la transparence dans la gestion du secteur minier et (ii) les cadres du d\u00e9veloppement durable du secteur. Pour ce faire, le projet est ax\u00e9 sur le renforcement institutionnel et sur l\u2019int\u00e9gration locale\/r\u00e9gionale des activit\u00e9s mini\u00e8res. Il contribuera \u00e0 l\u2019objectif strat\u00e9gique de croissance et d\u2019emploi, qui s\u2019\u00e9tend au-del\u00e0 de la port\u00e9e et du calendrier du pr\u00e9sent projet, consistant \u00e0 accro\u00eetre l\u2019apport de l&#8217;exploitation mini\u00e8re, \u00e0 la croissance et au d\u00e9veloppement durables. Il participera en outre \u00e0 l\u2019effort du gouvernement pour le d\u00e9veloppement du climat des affaires dans le secteur, \u00e0 l\u2019am\u00e9lioration de la transparence, \u00e0 l\u2019acc\u00e8s \u00e0 l\u2019information et \u00e0 la facilitation du dialogue entre les intervenants du secteur.<\/p>\n<p>Vu sous cet angle, le projet s\u2019inscrit pleinement dans les ambitions du gouvernement consign\u00e9es dans le document \u00ab\u00a0Cameroun\u00a0: Vision 2035\u00a0\u00bb, ax\u00e9e autour de l\u2019exploitation et de la bonne gestion de ses ressources naturelles (mines, for\u00eats, agriculture, etc.) ainsi que sur un d\u00e9veloppement rapide de ses infrastructures (routes, chemin de fer, a\u00e9roports\u2026).<\/p>\n<p>Le projet s\u2019inscrit \u00e9galement dans le premier pilier de la Strat\u00e9gie d\u2019aide-pays (CAS) de la Banque Mondiale, en soutenant la comp\u00e9titivit\u00e9, sur la base de l\u2019am\u00e9lioration de l\u2019efficacit\u00e9, de la transparence et de la durabilit\u00e9 dans la gestion du secteur minier.<\/p>\n<ol start=\"3\">\n<li><strong> BENEFICIAIRES DU PROJET <\/strong><\/li>\n<\/ol>\n<p>Les b\u00e9n\u00e9ficiaires seront\u00a0:<\/p>\n<ul>\n<li>les camerounais en g\u00e9n\u00e9ral gr\u00e2ce aux contributions positives issues du d\u00e9veloppement des activit\u00e9s \u00e9conomiques autour des zones d\u2019exploitation mini\u00e8re\u00a0;<\/li>\n<\/ul>\n<ul>\n<li>le secteur priv\u00e9 \u00e0 travers l\u2019am\u00e9lioration du climat d\u2019investissement et le d\u00e9veloppement des infrastructures catalys\u00e9 par les investissements dans le secteur minier\u00a0;<\/li>\n<\/ul>\n<ul>\n<li>les compagnies mini\u00e8res qui b\u00e9n\u00e9ficieront d\u2019une meilleure disponibilit\u00e9 des donn\u00e9es g\u00e9ologiques pour guider l\u2019exploration, d\u2019un environnement am\u00e9lior\u00e9 pour l\u2019attribution et la s\u00e9curisation des droits miniers, et d\u2019une plus grande disponibilit\u00e9 des ressources humaines qualifi\u00e9es au niveau national\u00a0; (iv) les communaut\u00e9s touch\u00e9es par l\u2019activit\u00e9 mini\u00e8re, qui b\u00e9n\u00e9ficieront de possibilit\u00e9s \u00e9conomiques locales, ainsi que de mesures visant \u00e0 r\u00e9duire, att\u00e9nuer et compenser les risques li\u00e9s \u00e0 l\u2019activit\u00e9 mini\u00e8re.<\/li>\n<\/ul>\n<ol start=\"4\">\n<li><strong> INDICATEURS DE RESULTATS <\/strong><\/li>\n<\/ol>\n<p>Bien que les principaux avantages des investissements miniers soient mieux mesur\u00e9s \u00e0 longue \u00e9ch\u00e9ance (Contribution \u00e0 la croissance et au d\u00e9veloppement \u00e9conomique), les indicateurs r\u00e9sum\u00e9s ci-dessous permettront de mesurer les progr\u00e8s accomplis pendant toute la dur\u00e9e du projet.<\/p>\n<ol>\n<li>Efficacit\u00e9 dans la gestion du secteur: <em>Nombre de jours pour attribuer des titres miniers\u00a0;<\/em><\/li>\n<li>Transparence dans la gestion du secteur: <em>Acc\u00e8s en ligne des donn\u00e9es historiques et des donn\u00e9es g\u00e9ologiques nouvellement acquises\u00a0;<\/em><\/li>\n<li><em>\u00a0<\/em><em>Cadres pour le d\u00e9veloppement durable de l\u2019exploitation mini\u00e8:<\/em><\/li>\n<\/ol>\n<ul>\n<li>Publication des directives relatives \u00e0 la gestion des revenus miniers au niveau local<\/li>\n<li>Diffusion d\u2019outils pour la planification du d\u00e9veloppement local<\/li>\n<li>Diffusion des orientations relatives au d\u00e9veloppement de la cha\u00eene d\u2019approvisionnement locale<\/li>\n<\/ul>\n<ol start=\"5\">\n<li><strong> DESCRIPTION DU PROJET<\/strong><\/li>\n<\/ol>\n<p>Le projet s\u2019articule autour de trois (3) composantes\u00a0:<\/p>\n<p><strong>Composante A\u00a0: Acc\u00e8s aux ressources min\u00e9rales et gouvernance des op\u00e9rations mini\u00e8res <\/strong><\/p>\n<p>Cette composante<em>\u00a0<\/em>a pour objectif l\u2019am\u00e9lioration de\u00a0la connaissance et de l\u2019acc\u00e8s aux ressources min\u00e9rales ainsi que de la gestion des op\u00e9rations extractives. Elle comporte un programme de g\u00e9ologie, un appui \u00e0 la gestion des droits et op\u00e9rations mini\u00e8res, des actions en vue du renforcement de la transparence et de la redevabilit\u00e9 dans le secteur minier.<\/p>\n<p><strong>Composante B. Int\u00e9gration de l\u2019exploitation mini\u00e8re dans le d\u00e9veloppement local et r\u00e9gional <\/strong><\/p>\n<p>L\u2019industrie mini\u00e8re op\u00e8re souvent dans les r\u00e9gions \u00e9loign\u00e9es du monde, tr\u00e8s souvent sensibles sur le plan social et environnemental. Au Cameroun, o\u00f9 l\u2019exploitation mini\u00e8re industrielle n&#8217;est qu\u2019\u00e0 ses d\u00e9buts, cela se traduit par un certain nombre de d\u00e9fis au niveau du d\u00e9veloppement local et r\u00e9gional. Les activit\u00e9s d\u2019exploration suscitent de nombreuses attentes et engendrent parfois des conflits avec les activit\u00e9s de conservation ou d\u2019autres activit\u00e9s d\u2019utilisation des terres. Dans le m\u00eame temps, l\u2019incertitude fondamentale de la prospection et de l\u2019exploration des ressources min\u00e9rales inconnues n\u2019est pas toujours bien comprise. Se fondant sur l\u2019exp\u00e9rience internationale, les activit\u00e9s d\u2019exploitation au Cameroun, surtout lorsqu\u2019elles s\u2019accompagnent de grands d\u00e9veloppements des infrastructures, risquent d\u2019engendrer encore plus de \u00ab\u00a0chocs\u00a0\u00bb que ce que le Gouvernement pr\u00e9voit.<\/p>\n<p>Cette composante vise donc \u00e0 \u00e9liminer les principaux obstacles \u00e0 la bonne int\u00e9gration des activit\u00e9s mini\u00e8res dans le d\u00e9veloppement local et r\u00e9gional. Trois (3) axes\u00a0seront explor\u00e9s:<\/p>\n<p><em>B.1 Syst\u00e8me de gestion dynamique des ressources min\u00e9rales<\/em><\/p>\n<p>Conform\u00e9ment \u00e0 la loi 2011\/008 du 6 mai 2011 fixant les orientations de l&#8217;am\u00e9nagement du territoire et du d\u00e9veloppement durable au Cameroun, le Gouvernement envisage de lancer des activit\u00e9s d\u2019am\u00e9nagement du territoire dans toutes les r\u00e9gions. Dans ce cadre, un appui sera apport\u00e9 dans les r\u00e9gions o\u00f9 l\u2019exploitation mini\u00e8re et le d\u00e9veloppement des infrastructures peuvent entrer en conflit avec les activit\u00e9s de conservation et d\u2019autres activit\u00e9s d\u2019utilisation des terres.<\/p>\n<p><em>B.2 Coordination des intervenants dans le domaine des mines, des for\u00eats et de l\u2019environnement<\/em><\/p>\n<p>Une bonne analyse des potentiels conflits et des m\u00e9thodes de r\u00e9solution syst\u00e9matiques et officielles sont n\u00e9cessaires.<\/p>\n<p><em>B.3 Liens locaux et r\u00e9gionaux<\/em><\/p>\n<p>L\u2019exp\u00e9rience internationale nous enseigne que les op\u00e9rations mini\u00e8res pr\u00e9sentent aussi de nombreux risques sociaux. L\u2019att\u00e9nuation de certains de ces risques est envisageable par la valorisation des communaut\u00e9s locales, les municipalit\u00e9s et les autres parties prenantes du secteur minier, par la promotion de nouvelles activit\u00e9s \u00e9conomiques et par l\u2019am\u00e9lioration de l\u2019efficacit\u00e9 des services sociaux dans les zones d\u2019exploitation mini\u00e8re.<\/p>\n<p><em>B.4 Cadre de d\u00e9veloppement des infrastructures mini\u00e8res<\/em><\/p>\n<p>Il est ici question de contribuer au d\u00e9veloppement des Partenariats Public Priv\u00e9 ad\u00e9quats et \u00e0 accro\u00eetre les possibilit\u00e9s d\u2019exploiter durablement les ressources min\u00e9rales du pays.<\/p>\n<p><strong>Composante C. Gestion et suivi \u00e9valuation du projet <\/strong><\/p>\n<p>Une Unit\u00e9 de coordination du Projet a d\u00e9j\u00e0 \u00e9t\u00e9 mise sur pied et sert de soutien \u00e0\u00a0la coordination du Projet et la gestion de la passation de march\u00e9s, la gestion financi\u00e8re et les d\u00e9caissements; le suivi et l\u2019\u00e9valuation de l\u2019ex\u00e9cution du projet.<\/p>\n<ol start=\"6\">\n<li><strong> DISPOSITIONS INSTITUTIONNELLES ET D\u2019EXECUTION DU PROJET<\/strong><\/li>\n<\/ol>\n<p>Trois structures forment le Projet.<\/p>\n<p><strong><em>Le Minist\u00e8re des Mines, de l&#8217;Industrie et du D\u00e9veloppement Technologique<\/em><\/strong> (MINMIDT)\u00a0: c\u2019est l&#8217;entit\u00e9 de mise en \u0153uvre\u00a0 du projet ; il est responsable de l&#8217;ex\u00e9cution et de la supervision du projet.<\/p>\n<p><strong><em>Le Comit\u00e9 de Pilotage du Projet<\/em><\/strong> (CPP)\u00a0: c\u2019est l\u2019instance de concertation, d\u2019orientation et de coordination de la mise en \u0153uvre du Projet\u00a0; il est pr\u00e9sid\u00e9 par le Ministre des Mines (MINMIDT).<\/p>\n<p><strong><em>L\u2019Unit\u00e9 de Coordination du Projet<\/em><\/strong> (UCP)\u00a0: elle est responsable des activit\u00e9s quotidiennes du projet.<\/p>\n<p>&nbsp;<\/p>\n<p>&nbsp;<\/p>\n<p>Source: <a href=\"https:\/\/www.minmidt.cm\/en\/precasem-3\/\">https:\/\/www.minmidt.cm\/en\/precasem-3\/<\/a><\/p>\n<\/div><\/div><\/div><\/div><\/div><\/div><\/div><\/section><section class=\"l-section wpb_row height_custom\"><div class=\"l-section-h i-cf\"><div class=\"g-cols vc_row via_flex valign_top type_default stacking_default\"><div class=\"vc_col-sm-12 wpb_column vc_column_container\"><div class=\"vc_column-inner\"><div class=\"wpb_wrapper\"><div class=\"wpb_text_column\"><div class=\"wpb_wrapper\"><\/div><\/div><\/div><\/div><\/div><\/div><\/div><\/section>\n<\/section>","protected":false},"excerpt":{"rendered":"\u00c0 propos du Precasem DONNEES GENERALES DU PROJET Nom du Projet Projet de Renforcement des Capacit\u00e9s dans le Secteur Minier (PRECASEM) Code Projet P122153 N\u00b0 Cr\u00e9dit IDA 5024-0-CM Unit\u00e9 de mise en \u0153uvre Unit\u00e9 de Coordination du Projet (UCP) Date de signature de l\u2019Accord de financement 28 juin 2012 Date de mise en vigueur 26...","protected":false},"author":1,"featured_media":0,"parent":0,"menu_order":0,"comment_status":"closed","ping_status":"closed","template":"","meta":{"footnotes":""},"acf":[],"yoast_head":"<!-- This site is optimized with the Yoast SEO plugin v21.3 - https:\/\/yoast.com\/wordpress\/plugins\/seo\/ -->\n<title>\u00c0 Propos du PRECASEM - Apprenez en plus sur le projet PRECASEM<\/title>\n<meta name=\"description\" content=\"\u00c0 propos du PRECASEM - Description du projet PRECASEM. D\u00e9couvrez les raisons de la mise en place de ce projet et ses objectifs.\" \/>\n<meta name=\"robots\" content=\"index, follow, max-snippet:-1, max-image-preview:large, max-video-preview:-1\" \/>\n<link rel=\"canonical\" href=\"https:\/\/precasem.cm\/fr\/a-propos\/\" \/>\n<meta property=\"og:locale\" content=\"fr_FR\" \/>\n<meta property=\"og:type\" content=\"article\" \/>\n<meta property=\"og:title\" content=\"\u00c0 Propos du PRECASEM - Apprenez en plus sur le projet PRECASEM\" \/>\n<meta property=\"og:description\" content=\"\u00c0 propos du PRECASEM - Description du projet PRECASEM. D\u00e9couvrez les raisons de la mise en place de ce projet et ses objectifs.\" \/>\n<meta property=\"og:url\" content=\"https:\/\/precasem.cm\/fr\/a-propos\/\" \/>\n<meta property=\"og:site_name\" content=\"PRECASEM\" \/>\n<meta property=\"article:modified_time\" content=\"2021-11-15T12:42:11+00:00\" \/>\n<meta name=\"twitter:card\" content=\"summary_large_image\" \/>\n<meta name=\"twitter:label1\" content=\"Dur\u00e9e de lecture estim\u00e9e\" \/>\n\t<meta name=\"twitter:data1\" content=\"9 minutes\" \/>\n<script type=\"application\/ld+json\" class=\"yoast-schema-graph\">{\"@context\":\"https:\/\/schema.org\",\"@graph\":[{\"@type\":\"WebPage\",\"@id\":\"https:\/\/precasem.cm\/fr\/a-propos\/\",\"url\":\"https:\/\/precasem.cm\/fr\/a-propos\/\",\"name\":\"\u00c0 Propos du PRECASEM - Apprenez en plus sur le projet PRECASEM\",\"isPartOf\":{\"@id\":\"https:\/\/precasem.cm\/#website\"},\"datePublished\":\"2021-01-20T10:07:40+00:00\",\"dateModified\":\"2021-11-15T12:42:11+00:00\",\"description\":\"\u00c0 propos du PRECASEM - Description du projet PRECASEM. D\u00e9couvrez les raisons de la mise en place de ce projet et ses objectifs.\",\"breadcrumb\":{\"@id\":\"https:\/\/precasem.cm\/fr\/a-propos\/#breadcrumb\"},\"inLanguage\":\"fr-FR\",\"potentialAction\":[{\"@type\":\"ReadAction\",\"target\":[\"https:\/\/precasem.cm\/fr\/a-propos\/\"]}]},{\"@type\":\"BreadcrumbList\",\"@id\":\"https:\/\/precasem.cm\/fr\/a-propos\/#breadcrumb\",\"itemListElement\":[{\"@type\":\"ListItem\",\"position\":1,\"name\":\"Home\",\"item\":\"https:\/\/precasem.cm\/fr\/\"},{\"@type\":\"ListItem\",\"position\":2,\"name\":\"\u00c0 Propos\"}]},{\"@type\":\"WebSite\",\"@id\":\"https:\/\/precasem.cm\/#website\",\"url\":\"https:\/\/precasem.cm\/\",\"name\":\"PRECASEM\",\"description\":\"\",\"potentialAction\":[{\"@type\":\"SearchAction\",\"target\":{\"@type\":\"EntryPoint\",\"urlTemplate\":\"https:\/\/precasem.cm\/?s={search_term_string}\"},\"query-input\":\"required name=search_term_string\"}],\"inLanguage\":\"fr-FR\"}]}<\/script>\n<!-- \/ Yoast SEO plugin. -->","yoast_head_json":{"title":"\u00c0 Propos du PRECASEM - Apprenez en plus sur le projet PRECASEM","description":"\u00c0 propos du PRECASEM - Description du projet PRECASEM. D\u00e9couvrez les raisons de la mise en place de ce projet et ses objectifs.","robots":{"index":"index","follow":"follow","max-snippet":"max-snippet:-1","max-image-preview":"max-image-preview:large","max-video-preview":"max-video-preview:-1"},"canonical":"https:\/\/precasem.cm\/fr\/a-propos\/","og_locale":"fr_FR","og_type":"article","og_title":"\u00c0 Propos du PRECASEM - Apprenez en plus sur le projet PRECASEM","og_description":"\u00c0 propos du PRECASEM - Description du projet PRECASEM. D\u00e9couvrez les raisons de la mise en place de ce projet et ses objectifs.","og_url":"https:\/\/precasem.cm\/fr\/a-propos\/","og_site_name":"PRECASEM","article_modified_time":"2021-11-15T12:42:11+00:00","twitter_card":"summary_large_image","twitter_misc":{"Dur\u00e9e de lecture estim\u00e9e":"9 minutes"},"schema":{"@context":"https:\/\/schema.org","@graph":[{"@type":"WebPage","@id":"https:\/\/precasem.cm\/fr\/a-propos\/","url":"https:\/\/precasem.cm\/fr\/a-propos\/","name":"\u00c0 Propos du PRECASEM - Apprenez en plus sur le projet PRECASEM","isPartOf":{"@id":"https:\/\/precasem.cm\/#website"},"datePublished":"2021-01-20T10:07:40+00:00","dateModified":"2021-11-15T12:42:11+00:00","description":"\u00c0 propos du PRECASEM - Description du projet PRECASEM. D\u00e9couvrez les raisons de la mise en place de ce projet et ses objectifs.","breadcrumb":{"@id":"https:\/\/precasem.cm\/fr\/a-propos\/#breadcrumb"},"inLanguage":"fr-FR","potentialAction":[{"@type":"ReadAction","target":["https:\/\/precasem.cm\/fr\/a-propos\/"]}]},{"@type":"BreadcrumbList","@id":"https:\/\/precasem.cm\/fr\/a-propos\/#breadcrumb","itemListElement":[{"@type":"ListItem","position":1,"name":"Home","item":"https:\/\/precasem.cm\/fr\/"},{"@type":"ListItem","position":2,"name":"\u00c0 Propos"}]},{"@type":"WebSite","@id":"https:\/\/precasem.cm\/#website","url":"https:\/\/precasem.cm\/","name":"PRECASEM","description":"","potentialAction":[{"@type":"SearchAction","target":{"@type":"EntryPoint","urlTemplate":"https:\/\/precasem.cm\/?s={search_term_string}"},"query-input":"required name=search_term_string"}],"inLanguage":"fr-FR"}]}},"_links":{"self":[{"href":"https:\/\/precasem.cm\/fr\/wp-json\/wp\/v2\/pages\/7989"}],"collection":[{"href":"https:\/\/precasem.cm\/fr\/wp-json\/wp\/v2\/pages"}],"about":[{"href":"https:\/\/precasem.cm\/fr\/wp-json\/wp\/v2\/types\/page"}],"author":[{"embeddable":true,"href":"https:\/\/precasem.cm\/fr\/wp-json\/wp\/v2\/users\/1"}],"replies":[{"embeddable":true,"href":"https:\/\/precasem.cm\/fr\/wp-json\/wp\/v2\/comments?post=7989"}],"version-history":[{"count":13,"href":"https:\/\/precasem.cm\/fr\/wp-json\/wp\/v2\/pages\/7989\/revisions"}],"predecessor-version":[{"id":8912,"href":"https:\/\/precasem.cm\/fr\/wp-json\/wp\/v2\/pages\/7989\/revisions\/8912"}],"wp:attachment":[{"href":"https:\/\/precasem.cm\/fr\/wp-json\/wp\/v2\/media?parent=7989"}],"curies":[{"name":"wp","href":"https:\/\/api.w.org\/{rel}","templated":true}]}}