{"id":7991,"date":"2021-01-20T10:09:08","date_gmt":"2021-01-20T10:09:08","guid":{"rendered":"http::\/\/precasem.cmdocuments-officiels\/"},"modified":"2021-11-16T10:11:25","modified_gmt":"2021-11-16T10:11:25","slug":"documents-officiels","status":"publish","type":"page","link":"https:\/\/precasem.cm\/fr\/documents-officiels\/","title":{"rendered":"Documents Officiels"},"content":{"rendered":"<section class=\"wpb-content-wrapper\"><section class=\"l-section wpb_row height_custom\"><div class=\"l-section-h i-cf\"><div class=\"g-cols vc_row via_flex valign_top type_default stacking_default\"><div class=\"vc_col-sm-12 wpb_column vc_column_container\"><div class=\"vc_column-inner\"><div class=\"wpb_wrapper\"><div class=\"wpb_text_column\"><div class=\"wpb_wrapper\"><p style=\"text-align: center;\"><span style=\"font-size: 18pt;\">Documents officiels<\/span><\/p>\n<p>Ci-dessous vous pouvez t\u00e9l\u00e9charger des documents officiels du PRECASEM pour le secteur minier du Cameroun.<\/p>\n<\/div><\/div><div class=\"wpb_text_column\"><div class=\"wpb_wrapper\">\n<table id=\"tablepress-3\" class=\"tablepress tablepress-id-3\">\n<thead>\n<tr class=\"row-1 odd\">\n\t<th class=\"column-1\">Description<\/th><th class=\"column-2\">Date de Publication<\/th><th class=\"column-3\">T\u00e9l\u00e9chargement FR<\/th><th class=\"column-4\">T\u00e9l\u00e9chargement EN<\/th><th class=\"column-5\"><\/th>\n<\/tr>\n<\/thead>\n<tbody class=\"row-hover\">\n<tr class=\"row-2 even\">\n\t<td class=\"column-1\">Presentation Project PRECASEM - CIMEC, French and English versions<\/td><td class=\"column-2\">2019<\/td><td class=\"column-3\"><a href=\"https:\/\/precasem.cm\/wp-content\/uploads\/2021\/03\/Plaquette_PRECASEM_CIMEC-2019-version-francaise-.pdf\" rel=noopener\" target=\"_blank\">T\u00e9l\u00e9chargement FR<\/a><\/td><td class=\"column-4\"><a href=\"https:\/\/precasem.cm\/wp-content\/uploads\/2021\/03\/Plaquette_PRECASEM_CIMEC-2019-english-version.pdf\" rel=noopener\" target=\"_blank\">T\u00e9l\u00e9chargement EN<\/a><\/td><td class=\"column-5\"><\/td>\n<\/tr>\n<tr class=\"row-3 odd\">\n\t<td class=\"column-1\">PRECASEM - Presentation of the Mining Registry<\/td><td class=\"column-2\"><\/td><td class=\"column-3\"><a href=\"https:\/\/precasem.cm\/wp-content\/uploads\/2021\/03\/Plaquette-cadastre-_cimec_mise-a-jour.pdf\" rel=noopener\" target=\"_blank\">T\u00e9l\u00e9chargement FR<\/a><\/td><td class=\"column-4\"><a href=\"https:\/\/precasem.cm\/wp-content\/uploads\/2021\/03\/Plaquette-cadastre-_cimec_mise-a-jour_vers-anglais.pdf\" rel=noopener\" target=\"_blank\">T\u00e9l\u00e9chargement EN<\/a><\/td><td class=\"column-5\"><\/td>\n<\/tr>\n<tr class=\"row-4 even\">\n\t<td class=\"column-1\">Code Minier<\/td><td class=\"column-2\">2016<\/td><td class=\"column-3\"><a href=\"https:\/\/precasem.cm\/wp-content\/uploads\/2021\/01\/code_minier_fr_partie01.pdf\" rel=noopener\" target=\"_blank\">Partie 1<\/a><br \/>\n<a href=\"https:\/\/precasem.cm\/wp-content\/uploads\/2021\/01\/code_minier_fr_partie02.pdf\" rel=noopener\" target=\"_blank\">Partie 2<\/a><\/td><td class=\"column-4\"><a href=\"https:\/\/precasem.cm\/wp-content\/uploads\/2021\/01\/mining_code_2016_part01.pdf\" rel=noopener\" target=\"_blank\">Partie 1<\/a><br \/>\n<a href=\"https:\/\/precasem.cm\/wp-content\/uploads\/2021\/01\/mining_code_2016_part02.pdf\" rel=noopener\" target=\"_blank\">Partie 2<\/a><br \/>\n<\/td><td class=\"column-5\"><\/td>\n<\/tr>\n<tr class=\"row-5 odd\">\n\t<td class=\"column-1\">Code P\u00e9trolier<\/td><td class=\"column-2\">2019<\/td><td class=\"column-3\"><a href=\"https:\/\/precasem.cm\/wp-content\/uploads\/2021\/02\/Code-petrolier_NEW_Loi-N\u00b02019_008-du-25-avril-2019-portant-Code-petrolier-1.pdf\" rel=noopener\" target=\"_blank\">T\u00e9l\u00e9charger<\/a><br \/>\n<\/td><td class=\"column-4\"><\/td><td class=\"column-5\"><\/td>\n<\/tr>\n<tr class=\"row-6 even\">\n\t<td class=\"column-1\">Loi N\u00b099\/013 instituant le Code P\u00e9trolier<\/td><td class=\"column-2\">1999<\/td><td class=\"column-3\"><a href=\"https:\/\/precasem.cm\/wp-content\/uploads\/2021\/02\/Code-Petrolier-en-anglais_OLD_1999.pdf\" rel=noopener\" target=\"_blank\">T\u00e9l\u00e9charger<\/a><br \/>\n<\/td><td class=\"column-4\"><\/td><td class=\"column-5\"><\/td>\n<\/tr>\n<tr class=\"row-7 odd\">\n\t<td class=\"column-1\">Loi N\u00b02012\/006 portant Code gazier<\/td><td class=\"column-2\">2012<\/td><td class=\"column-3\"><a href=\"https:\/\/precasem.cm\/wp-content\/uploads\/2021\/02\/Code-Gazier-en-francais_2012.pdf\" rel=noopener\" target=\"_blank\">T\u00e9l\u00e9charger<\/a><\/td><td class=\"column-4\"><\/td><td class=\"column-5\"><\/td>\n<\/tr>\n<tr class=\"row-8 even\">\n\t<td class=\"column-1\">D\u00e9cret N\u00b02020\/749 du 14 Dec. 2020 pour mettre en place la Soci\u00e9t\u00e9 Nationale des Mines (SONAMINES)<\/td><td class=\"column-2\">2020<\/td><td class=\"column-3\"><\/td><td class=\"column-4\"><a href=\"https:\/\/precasem.cm\/wp-content\/uploads\/2021\/02\/sonamines-en.pdf\" rel=noopener\" target=\"_blank\">T\u00e9l\u00e9charger<\/a><\/td><td class=\"column-5\"><\/td>\n<\/tr>\n<tr class=\"row-9 odd\">\n\t<td class=\"column-1\">D\u00e9cret N\u00b02020\/749 du 14 Dec. 2020 pour approuver les articles de la Soci\u00e9t\u00e9 Nationale des Mines (SONAMINES)<\/td><td class=\"column-2\">2020<\/td><td class=\"column-3\"><a href=\"https:\/\/precasem.cm\/wp-content\/uploads\/2021\/02\/statut-sonamines-en.pdf\" rel=noopener\" target=\"_blank\">T\u00e9l\u00e9charger<\/a><\/td><td class=\"column-4\"><\/td><td class=\"column-5\"><\/td>\n<\/tr>\n<tr class=\"row-10 even\">\n\t<td class=\"column-1\">Contrat-type de partage de production d'hydrocarbures entre la R\u00e9publique du Cameroun et un titulaire<\/td><td class=\"column-2\"><\/td><td class=\"column-3\"><a href=\"https:\/\/precasem.cm\/wp-content\/uploads\/2021\/02\/Contrat_type_Partage_Production_Hydrocarbures.pdf\" rel=noopener\" target=\"_blank\">T\u00e9l\u00e9charger<\/a><\/td><td class=\"column-4\"><\/td><td class=\"column-5\"><\/td>\n<\/tr>\n<tr class=\"row-11 odd\">\n\t<td class=\"column-1\">Accord-type pour le transfert de donn\u00e9es non exclusives sur l'exploration\/production d'hydrocarbures au Cameroun<\/td><td class=\"column-2\"><\/td><td class=\"column-3\"><\/td><td class=\"column-4\"><a href=\"https:\/\/precasem.cm\/wp-content\/uploads\/2021\/02\/Contrat_type_Partage_Production_Hydrocarbures.pdf\" rel=noopener\" target=\"_blank\">T\u00e9l\u00e9charger<\/a><\/td><td class=\"column-5\"><\/td>\n<\/tr>\n<tr class=\"row-12 even\">\n\t<td class=\"column-1\">DECRET N\u00b0 81  279 du 15 Juillet 1981 Fixant les modalit\u00e9s d'application de la Loi N\u00b0 77 15 du 6 D\u00e9cembre 1977 portant r\u00e9glementation des substances explosives et des d\u00e9tonateurs<br \/>\n<\/td><td class=\"column-2\">1981<\/td><td class=\"column-3\"><a href=\"https:\/\/precasem.cm\/wp-content\/uploads\/2021\/03\/DECRET-N-81-279-du-15-Juillet-1981-Explosives.pdf\" rel=noopener\" target=\"_blank\">T\u00e9l\u00e9charger<\/a><\/td><td class=\"column-4\"><\/td><td class=\"column-5\"><\/td>\n<\/tr>\n<tr class=\"row-13 odd\">\n\t<td class=\"column-1\">FICHE-DEMANDE-ATTRIBUTION_RENOUVELLEMENT-EXPLOITATION-EXPLOSIFS<\/td><td class=\"column-2\">1981<\/td><td class=\"column-3\"><a href=\"https:\/\/precasem.cm\/wp-content\/uploads\/2021\/02\/FICHE-DEMANDE-ATTRIBUTION_RENOUVELLEMENT-EXPLOITATION-EXPLOSIFS.jpg\" rel=noopener\" target=\"_blank\">T\u00e9l\u00e9charger<\/a><\/td><td class=\"column-4\"><\/td><td class=\"column-5\"><\/td>\n<\/tr>\n<tr class=\"row-14 even\">\n\t<td class=\"column-1\">Fiche de demande d'autorisation ou de permis d'exploitation de carri\u00e8res<\/td><td class=\"column-2\">2002<\/td><td class=\"column-3\"><a href=\"https:\/\/precasem.cm\/wp-content\/uploads\/2021\/03\/FICHE-DEMANDE-DAUTORISATION-OU-DE-PERMIS-EXPLOIT-CARRIERES.45.jpg\" rel=noopener\" target=\"_blank\">T\u00e9l\u00e9charger<\/a><\/td><td class=\"column-4\"><\/td><td class=\"column-5\"><\/td>\n<\/tr>\n<tr class=\"row-15 odd\">\n\t<td class=\"column-1\">Fiche de demande d'agrement  \u00e0 l'ouverture d'une unit\u00e9 de fusion des m\u00e9taux et \/ ou de taille de pierres pr\u00e9cieuses fines ou ornementales <\/td><td class=\"column-2\">2002<\/td><td class=\"column-3\"><a href=\"https:\/\/precasem.cm\/wp-content\/uploads\/2021\/03\/FICHE-DEMANDE-AGREMENT-UNITE-FUSION-METAUX-Taille-Pierres-Precieuses.jpg\" rel=noopener\" target=\"_blank\">T\u00e9l\u00e9charger<\/a><\/td><td class=\"column-4\"><\/td><td class=\"column-5\"><\/td>\n<\/tr>\n<tr class=\"row-16 even\">\n\t<td class=\"column-1\">Fiche de demande d'attribution \/ renouvellement d'une autorisation d'ouverture d'un bureau d'achat et de commercialisation des substances min\u00e9rales issues de l'exploitation artisanale<\/td><td class=\"column-2\">2002<\/td><td class=\"column-3\"><a href=\"https:\/\/precasem.cm\/wp-content\/uploads\/2021\/03\/FICHE-DEMANDE-ATTRIBUTION_RENOUVELLEMENT-BUREAU-ACHAT-MINE-ARTISANALE.44.jpg\" rel=noopener\" target=\"_blank\">T\u00e9l\u00e9charger<\/a><\/td><td class=\"column-4\"><\/td><td class=\"column-5\"><\/td>\n<\/tr>\n<tr class=\"row-17 odd\">\n\t<td class=\"column-1\">Fiche de demande d'attribution \/ renouvellement d'un permis de recherche<\/td><td class=\"column-2\">2002<\/td><td class=\"column-3\"><a href=\"https:\/\/precasem.cm\/wp-content\/uploads\/2021\/03\/FICHE-DEMANDE-ATTRIBUTION_RENOUVELLEMENT-PERMIS-DE-RECHERCHE.42.jpg\" rel=noopener\" target=\"_blank\">T\u00e9l\u00e9charger<\/a><\/td><td class=\"column-4\"><\/td><td class=\"column-5\"><\/td>\n<\/tr>\n<tr class=\"row-18 even\">\n\t<td class=\"column-1\">Arr\u00eat\u00e9 N\u00b0 002102 \/ MINMIDT \/ CAB fixant les modalit\u00e9s d'exportation, d'importation et de commercialisation des diamants bruts<\/td><td class=\"column-2\">2012<\/td><td class=\"column-3\"><a href=\"https:\/\/precasem.cm\/wp-content\/uploads\/2021\/03\/Arrete-2102-import-export-comerce-diamants.122.pdf\" rel=noopener\" target=\"_blank\">T\u00e9l\u00e9charger<\/a><\/td><td class=\"column-4\"><\/td><td class=\"column-5\"><\/td>\n<\/tr>\n<tr class=\"row-19 odd\">\n\t<td class=\"column-1\">Loi N\u00b0 2011\/025 du 14 d\u00e9c. 2011 portant  valorisation des gaz associ\u00e9s<\/td><td class=\"column-2\">2011<\/td><td class=\"column-3\"><a href=\"https:\/\/precasem.cm\/wp-content\/uploads\/2021\/03\/Loi-n-2011025-du-14-decembre-2011-portant-valorisation-des-gaz-associes.pdf\" rel=noopener\" target=\"_blank\">T\u00e9l\u00e9charger<\/a><\/td><td class=\"column-4\"><\/td><td class=\"column-5\"><\/td>\n<\/tr>\n<tr class=\"row-20 even\">\n\t<td class=\"column-1\">Loi N\u00b0 96\/12 du 5 ao\u00fbt 1996 portant loi-cadre relative \u00e0 la gestion de l'Environnement<\/td><td class=\"column-2\">1996<\/td><td class=\"column-3\"><a href=\"https:\/\/precasem.cm\/wp-content\/uploads\/2021\/03\/Loi-cadre-gestion-de-lenvironnement_1996.pdf\" rel=noopener\" target=\"_blank\">T\u00e9l\u00e9charger<\/a><\/td><td class=\"column-4\"><\/td><td class=\"column-5\"><\/td>\n<\/tr>\n<tr class=\"row-21 odd\">\n\t<td class=\"column-1\">Arr\u00eat\u00e9 N\u00b0 0069 \/ MINEP du 8 mars 2005 fixant les diff\u00e9rentes cat\u00e9gories d'op\u00e9rations dont la r\u00e9alisation est soumise \u00e0 une \u00e9tude d'impact environnemental<\/td><td class=\"column-2\">2005<\/td><td class=\"column-3\"><a href=\"https:\/\/precasem.cm\/wp-content\/uploads\/2021\/03\/Arrete-n\u00b0-0069-du-08-Mars-2005-Etude-Impact-Environnementale.pdf\" rel=noopener\" target=\"_blank\">T\u00e9l\u00e9charger<\/a><\/td><td class=\"column-4\"><\/td><td class=\"column-5\"><\/td>\n<\/tr>\n<tr class=\"row-22 even\">\n\t<td class=\"column-1\">Decret N\u00b02013\/0171 du 14 f\u00e9vrier 2013 fixant les modalit\u00e9ss de r\u00e9alisation des \u00e9tudes d'impact environnemental et social<\/td><td class=\"column-2\">2013<\/td><td class=\"column-3\"><a href=\"https:\/\/precasem.cm\/wp-content\/uploads\/2021\/03\/Decret-2013-Realisation-Etudes-Impact-Environnemental-et-Social.pdf\" rel=noopener\" target=\"_blank\">T\u00e9l\u00e9charger<\/a><\/td><td class=\"column-4\"><\/td><td class=\"column-5\"><\/td>\n<\/tr>\n<tr class=\"row-23 odd\">\n\t<td class=\"column-1\">Loi n\u00b02019-008 relative \u00e0 la lutte contre les Violences Bas\u00e9es sur le Genre<\/td><td class=\"column-2\">2019<\/td><td class=\"column-3\"><a href=\"https:\/\/precasem.cm\/wp-content\/uploads\/2021\/03\/Loi-n\u00b0-2019-008-VBG.pdf\" rel=noopener\" target=\"_blank\">T\u00e9l\u00e9charger<\/a><\/td><td class=\"column-4\"><\/td><td class=\"column-5\"><\/td>\n<\/tr>\n<tr class=\"row-24 even\">\n\t<td class=\"column-1\">Loi 98\/015 - Procedures li\u00e9es \u00e0 l'implantation des \u00e9tablissements industriels au Cameroun (\u00e9tablissement class\u00e9s dangereux, insalubres ou incommodes)<\/td><td class=\"column-2\">1998<\/td><td class=\"column-3\"><a href=\"https:\/\/precasem.cm\/wp-content\/uploads\/2021\/03\/PROCEDURES-ETS-INDUSTRIELS-TEXTES-JURIDIQUES-ET-LEGISLATIFS.52.pdf\" rel=noopener\" target=\"_blank\">T\u00e9l\u00e9charger<\/a><\/td><td class=\"column-4\"><\/td><td class=\"column-5\"><\/td>\n<\/tr>\n<tr class=\"row-25 odd\">\n\t<td class=\"column-1\">Guide de l'usager du MINMIDT<\/td><td class=\"column-2\">2016<\/td><td class=\"column-3\"><a href=\"https:\/\/precasem.cm\/wp-content\/uploads\/2021\/03\/GUIDE_USAGER-du-MINMIDT_2016.pdf\" rel=noopener\" target=\"_blank\">T\u00e9l\u00e9charger<\/a><\/td><td class=\"column-4\"><\/td><td class=\"column-5\"><\/td>\n<\/tr>\n<tr class=\"row-26 even\">\n\t<td class=\"column-1\">D\u00e9cret 2012 \/ 432 du 01 Oct. 2012 portant organisation du Minist\u00e8re des Mines, de l'industrie et du D\u00e9veloppement Technologique<\/td><td class=\"column-2\">2012<\/td><td class=\"column-3\"><a href=\"https:\/\/precasem.cm\/wp-content\/uploads\/2021\/03\/Texte-organique-du-MINMIDT.pdf\" rel=noopener\" target=\"_blank\">T\u00e9l\u00e9charger<\/a><\/td><td class=\"column-4\"><\/td><td class=\"column-5\"><\/td>\n<\/tr>\n<tr class=\"row-27 odd\">\n\t<td class=\"column-1\">Code g\u00e9n\u00e9ral des imp\u00f4ts<\/td><td class=\"column-2\">2017<\/td><td class=\"column-3\"><a href=\"https:\/\/precasem.cm\/wp-content\/uploads\/2021\/03\/CODE_GENERAL_DES_IMPOTS_2017.pdf\" rel=noopener\" target=\"_blank\">T\u00e9l\u00e9charger<\/a><\/td><td class=\"column-4\"><\/td><td class=\"column-5\"><\/td>\n<\/tr>\n<\/tbody>\n<\/table>\n\n<\/div><\/div><\/div><\/div><\/div><\/div><\/div><\/section>\n<\/section>","protected":false},"excerpt":{"rendered":"Documents officiels Ci-dessous vous pouvez t\u00e9l\u00e9charger des documents officiels du PRECASEM pour le secteur minier du Cameroun. DescriptionDate de PublicationT\u00e9l\u00e9chargement FRT\u00e9l\u00e9chargement EN Presentation Project PRECASEM - CIMEC, French and English versions2019T\u00e9l\u00e9chargement EN PRECASEM - Presentation of the Mining RegistryT\u00e9l\u00e9chargement EN Code Minier2016Partie 2Partie 2 Code P\u00e9trolier2019T\u00e9l\u00e9charger Loi N\u00b02012\/006 portant Code gazier2012T\u00e9l\u00e9charger D\u00e9cret N\u00b02020\/749 du 14...","protected":false},"author":1,"featured_media":0,"parent":0,"menu_order":0,"comment_status":"closed","ping_status":"closed","template":"","meta":{"footnotes":""},"acf":[],"yoast_head":"<!-- This site is optimized with the Yoast SEO plugin v21.3 - https:\/\/yoast.com\/wordpress\/plugins\/seo\/ -->\n<title>Documents Officiels - PRECASEM<\/title>\n<meta name=\"description\" content=\"Documents officiels du PRECASEM. Vous pouvez t\u00e9l\u00e9charger les documents officiels du PRECASEM pour le secteur minier du Cameroun.\" \/>\n<meta name=\"robots\" content=\"index, follow, max-snippet:-1, max-image-preview:large, max-video-preview:-1\" \/>\n<link rel=\"canonical\" href=\"https:\/\/precasem.cm\/fr\/documents-officiels\/\" \/>\n<meta property=\"og:locale\" content=\"fr_FR\" \/>\n<meta property=\"og:type\" content=\"article\" \/>\n<meta property=\"og:title\" content=\"Documents Officiels - PRECASEM\" \/>\n<meta property=\"og:description\" content=\"Documents officiels du PRECASEM. Vous pouvez t\u00e9l\u00e9charger les documents officiels du PRECASEM pour le secteur minier du Cameroun.\" \/>\n<meta property=\"og:url\" content=\"https:\/\/precasem.cm\/fr\/documents-officiels\/\" \/>\n<meta property=\"og:site_name\" content=\"PRECASEM\" \/>\n<meta property=\"article:modified_time\" content=\"2021-11-16T10:11:25+00:00\" \/>\n<meta name=\"twitter:card\" content=\"summary_large_image\" \/>\n<script type=\"application\/ld+json\" class=\"yoast-schema-graph\">{\"@context\":\"https:\/\/schema.org\",\"@graph\":[{\"@type\":\"WebPage\",\"@id\":\"https:\/\/precasem.cm\/fr\/documents-officiels\/\",\"url\":\"https:\/\/precasem.cm\/fr\/documents-officiels\/\",\"name\":\"Documents Officiels - PRECASEM\",\"isPartOf\":{\"@id\":\"https:\/\/precasem.cm\/#website\"},\"datePublished\":\"2021-01-20T10:09:08+00:00\",\"dateModified\":\"2021-11-16T10:11:25+00:00\",\"description\":\"Documents officiels du PRECASEM. Vous pouvez t\u00e9l\u00e9charger les documents officiels du PRECASEM pour le secteur minier du Cameroun.\",\"breadcrumb\":{\"@id\":\"https:\/\/precasem.cm\/fr\/documents-officiels\/#breadcrumb\"},\"inLanguage\":\"fr-FR\",\"potentialAction\":[{\"@type\":\"ReadAction\",\"target\":[\"https:\/\/precasem.cm\/fr\/documents-officiels\/\"]}]},{\"@type\":\"BreadcrumbList\",\"@id\":\"https:\/\/precasem.cm\/fr\/documents-officiels\/#breadcrumb\",\"itemListElement\":[{\"@type\":\"ListItem\",\"position\":1,\"name\":\"Home\",\"item\":\"https:\/\/precasem.cm\/fr\/\"},{\"@type\":\"ListItem\",\"position\":2,\"name\":\"Documents Officiels\"}]},{\"@type\":\"WebSite\",\"@id\":\"https:\/\/precasem.cm\/#website\",\"url\":\"https:\/\/precasem.cm\/\",\"name\":\"PRECASEM\",\"description\":\"\",\"potentialAction\":[{\"@type\":\"SearchAction\",\"target\":{\"@type\":\"EntryPoint\",\"urlTemplate\":\"https:\/\/precasem.cm\/?s={search_term_string}\"},\"query-input\":\"required name=search_term_string\"}],\"inLanguage\":\"fr-FR\"}]}<\/script>\n<!-- \/ Yoast SEO plugin. -->","yoast_head_json":{"title":"Documents Officiels - PRECASEM","description":"Documents officiels du PRECASEM. Vous pouvez t\u00e9l\u00e9charger les documents officiels du PRECASEM pour le secteur minier du Cameroun.","robots":{"index":"index","follow":"follow","max-snippet":"max-snippet:-1","max-image-preview":"max-image-preview:large","max-video-preview":"max-video-preview:-1"},"canonical":"https:\/\/precasem.cm\/fr\/documents-officiels\/","og_locale":"fr_FR","og_type":"article","og_title":"Documents Officiels - PRECASEM","og_description":"Documents officiels du PRECASEM. Vous pouvez t\u00e9l\u00e9charger les documents officiels du PRECASEM pour le secteur minier du Cameroun.","og_url":"https:\/\/precasem.cm\/fr\/documents-officiels\/","og_site_name":"PRECASEM","article_modified_time":"2021-11-16T10:11:25+00:00","twitter_card":"summary_large_image","schema":{"@context":"https:\/\/schema.org","@graph":[{"@type":"WebPage","@id":"https:\/\/precasem.cm\/fr\/documents-officiels\/","url":"https:\/\/precasem.cm\/fr\/documents-officiels\/","name":"Documents Officiels - PRECASEM","isPartOf":{"@id":"https:\/\/precasem.cm\/#website"},"datePublished":"2021-01-20T10:09:08+00:00","dateModified":"2021-11-16T10:11:25+00:00","description":"Documents officiels du PRECASEM. Vous pouvez t\u00e9l\u00e9charger les documents officiels du PRECASEM pour le secteur minier du Cameroun.","breadcrumb":{"@id":"https:\/\/precasem.cm\/fr\/documents-officiels\/#breadcrumb"},"inLanguage":"fr-FR","potentialAction":[{"@type":"ReadAction","target":["https:\/\/precasem.cm\/fr\/documents-officiels\/"]}]},{"@type":"BreadcrumbList","@id":"https:\/\/precasem.cm\/fr\/documents-officiels\/#breadcrumb","itemListElement":[{"@type":"ListItem","position":1,"name":"Home","item":"https:\/\/precasem.cm\/fr\/"},{"@type":"ListItem","position":2,"name":"Documents Officiels"}]},{"@type":"WebSite","@id":"https:\/\/precasem.cm\/#website","url":"https:\/\/precasem.cm\/","name":"PRECASEM","description":"","potentialAction":[{"@type":"SearchAction","target":{"@type":"EntryPoint","urlTemplate":"https:\/\/precasem.cm\/?s={search_term_string}"},"query-input":"required name=search_term_string"}],"inLanguage":"fr-FR"}]}},"_links":{"self":[{"href":"https:\/\/precasem.cm\/fr\/wp-json\/wp\/v2\/pages\/7991"}],"collection":[{"href":"https:\/\/precasem.cm\/fr\/wp-json\/wp\/v2\/pages"}],"about":[{"href":"https:\/\/precasem.cm\/fr\/wp-json\/wp\/v2\/types\/page"}],"author":[{"embeddable":true,"href":"https:\/\/precasem.cm\/fr\/wp-json\/wp\/v2\/users\/1"}],"replies":[{"embeddable":true,"href":"https:\/\/precasem.cm\/fr\/wp-json\/wp\/v2\/comments?post=7991"}],"version-history":[{"count":7,"href":"https:\/\/precasem.cm\/fr\/wp-json\/wp\/v2\/pages\/7991\/revisions"}],"predecessor-version":[{"id":8711,"href":"https:\/\/precasem.cm\/fr\/wp-json\/wp\/v2\/pages\/7991\/revisions\/8711"}],"wp:attachment":[{"href":"https:\/\/precasem.cm\/fr\/wp-json\/wp\/v2\/media?parent=7991"}],"curies":[{"name":"wp","href":"https:\/\/api.w.org\/{rel}","templated":true}]}}